{"id":7272,"date":"2019-12-17T19:15:52","date_gmt":"2019-12-17T18:15:52","guid":{"rendered":"https:\/\/erasmushouse.museum\/decouvrir\/jardins\/"},"modified":"2020-07-01T13:34:08","modified_gmt":"2020-07-01T11:34:08","slug":"tuinen","status":"publish","type":"page","link":"https:\/\/www.erasmushouse.museum\/nl\/ontdek\/tuinen\/","title":{"rendered":"Tuinen"},"content":{"rendered":"<div class=\"wpb-content-wrapper\"><p>[vc_row full_width=&#8221;stretch_row&#8221; parallax=&#8221;content-moving&#8221; css=&#8221;.vc_custom_1578678469096{margin-top: -80px !important;margin-bottom: -80px !important;background-image: url(https:\/\/erasmushouse.museum\/wp-content\/uploads\/2020\/01\/eramusjardin0002.jpg?id=4805) !important;background-position: center;background-repeat: no-repeat !important;background-size: cover !important;}&#8221;][vc_column][vc_empty_space height=&#8221;380px&#8221;][vc_row_inner][vc_column_inner offset=&#8221;vc_hidden-sm vc_hidden-xs&#8221;][vc_empty_space height=&#8221;150px&#8221;][\/vc_column_inner][\/vc_row_inner][\/vc_column][\/vc_row][vc_row row_content_width=&#8221;grid&#8221; content_text_aligment=&#8221;center&#8221; css=&#8221;.vc_custom_1582797854189{margin-top: -120px !important;}&#8221;][vc_column width=&#8221;1\/6&#8243;][\/vc_column][vc_column width=&#8221;2\/3&#8243;][vc_column_text css=&#8221;.vc_custom_1593603245037{padding-top: 10% !important;padding-right: 10% !important;padding-bottom: 10% !important;padding-left: 10% !important;background-color: #fdf6f0 !important;}&#8221;]<\/p>\n<div title=\"Page 1\">\n<h1>TUINEN<\/h1>\n<\/div>\n<h3>ONTDEK<\/h3>\n<p>[\/vc_column_text][vc_single_image image=&#8221;3931&#8243; img_size=&#8221;full&#8221; alignment=&#8221;center&#8221; css=&#8221;.vc_custom_1593603228053{margin-top: -20px !important;margin-bottom: 20px !important;}&#8221;][\/vc_column][vc_column width=&#8221;1\/6&#8243;][\/vc_column][\/vc_row][vc_row content_placement=&#8221;top&#8221; row_content_width=&#8221;grid&#8221; css=&#8221;.vc_custom_1582798627280{padding-top: 2% !important;}&#8221;][vc_column width=&#8221;1\/4&#8243;][\/vc_column][vc_column width=&#8221;1\/2&#8243;][vc_empty_space height=&#8221;40&#8243;][vc_column_text]<\/p>\n<p class=\"p1\">De tuinen van het Erasmushuis dateren uit verschillende perioden. De boomgaarden uit het begin van de 20ste eeuw werden omgewerkt tot tuin door landschapsarchitect Charles Van Elst. Hier zouden van 1946 tot 1966 de \u2018Bi\u00ebnnalen van de Beeldhouwkunst in de Openlucht van Belgi\u00eb\u2019 plaatsvinden.<\/p>\n<p>[\/vc_column_text][vc_empty_space height=&#8221;80&#8243;][vc_column_text]<\/p>\n<h2 class=\"p1\">Een tuin met geneeskrachtige planten<\/h2>\n<p>[\/vc_column_text][vc_single_image image=&#8221;4903&#8243; img_size=&#8221;full&#8221; css=&#8221;.vc_custom_1578676866014{margin-top: 20px !important;margin-bottom: 10px !important;}&#8221;][vc_column_text css=&#8221;.vc_custom_1591000273709{padding-right: 10% !important;padding-left: 10% !important;}&#8221;]<\/p>\n<p class=\"p1\">In 1987 cre\u00ebert tuinarchitect Ren\u00e9 Pech\u00e8re een tuin met geneeskrachtige planten. In deze tuin, als het ware een botanisch portret van onze Humanist en ge\u00efnspireerd door de middeleeuwse ommuurde tuinen, worden zo\u2019n honderd planten gekweekt die als zodanig bekend stonden bij de artsen uit de 16de eeuw.<\/p>\n<p>[\/vc_column_text][\/vc_column][vc_column width=&#8221;1\/4&#8243;][\/vc_column][\/vc_row][vc_row gap=&#8221;30&#8243; equal_height=&#8221;yes&#8221; content_placement=&#8221;middle&#8221; row_content_width=&#8221;grid&#8221; css=&#8221;.vc_custom_1582798816910{padding-top: 5% !important;padding-bottom: 5% !important;}&#8221;][vc_column width=&#8221;1\/2&#8243; css=&#8221;.vc_custom_1578523276803{background-image: url(https:\/\/erasmushouse.museum\/wp-content\/uploads\/2020\/01\/eramusjardin0001.jpg?id=4807) !important;background-position: center !important;background-repeat: no-repeat !important;background-size: cover !important;}&#8221;][vc_empty_space height=&#8221;480px&#8221;][\/vc_column][vc_column width=&#8221;1\/2&#8243; offset=&#8221;vc_col-xs-12&#8243;][vc_empty_space height=&#8221;40&#8243;][vc_column_text]<\/p>\n<h2 class=\"p1\">Een Filosofische tuin<\/h2>\n<p>[\/vc_column_text][vc_single_image image=&#8221;4903&#8243; img_size=&#8221;full&#8221; css=&#8221;.vc_custom_1578676866014{margin-top: 20px !important;margin-bottom: 10px !important;}&#8221;][vc_column_text css=&#8221;.vc_custom_1593002706608{padding-left: 10% !important;}&#8221;]In 2000 ontwerpt landschapsarchitect Benoit Fondu een Filosofische tuin.<\/p>\n<p>Deze tuin ligt achter de Tuin met geneeskrachtige planten en is ge\u00efnspireerd door de dialoog \u2018Het religieuze banket\u2019, geschreven door onze Humanist na zijn verblijf in Anderlecht (1521). Er werden een reeks cartografische perken ingericht waar de bezoeker de planten en bloemen kan bewonderen die Erasmus tijdens zijn vele reizen heeft kunnen aanschouwen.<\/p>\n<p>In deze tuin zijn tevens werken te zien van hedendaagse kunstenaars, onder wie Catherine Beaugrand, Marie-Jo Lafontaine, Perejaume en Bob Verschueren. Het meubilair en de bordjes in de tuin werden geconcipieerd door Pierre Portier.[\/vc_column_text][vc_empty_space height=&#8221;40&#8243;][\/vc_column][\/vc_row][vc_row full_width=&#8221;stretch_row_content_no_spaces&#8221; css=&#8221;.vc_custom_1582794360372{padding-top: 5% !important;padding-bottom: 8% !important;background-color: #fdf6f0 !important;}&#8221; simple_background_color=&#8221;#fdf6f0&#8243;][vc_column][vc_row_inner row_content_width=&#8221;grid&#8221;][vc_column_inner][vc_masonry_media_grid element_width=&#8221;3&#8243; gap=&#8221;2&#8243; item=&#8221;mediaGrid_Default&#8221; initial_loading_animation=&#8221;none&#8221; grid_id=&#8221;vc_gid:1593603235257-d4d9e7b5-5165-3&#8243; include=&#8221;4815,4816,4817,4818,4819,4820,4821,5524&#8243;][\/vc_column_inner][\/vc_row_inner][\/vc_column][\/vc_row][vc_row content_placement=&#8221;middle&#8221; content_text_aligment=&#8221;center&#8221; css=&#8221;.vc_custom_1578677257673{margin-bottom: 0px !important;padding-top: 2% !important;padding-bottom: 5% !important;background-image: url(https:\/\/erasmushouse.museum\/wp-content\/uploads\/2020\/01\/eramus-quote-7.png?id=4871) !important;background-position: center !important;background-repeat: no-repeat !important;background-size: cover !important;}&#8221;][vc_column][vc_row_inner content_placement=&#8221;middle&#8221; row_content_width=&#8221;grid&#8221; css=&#8221;.vc_custom_1578674790647{padding-top: 5% !important;padding-bottom: 5% !important;}&#8221;][vc_column_inner][vc_column_text]<\/p>\n<h2 style=\"text-align: center;\">Festina lente<\/h2>\n<h5 style=\"text-align: center;\">Haast u langzaam<\/h5>\n<p style=\"text-align: center;\">Erasmus, <em>Adagium<\/em> nr 1001 (<span style=\"font-weight: 400;\">II, I, 1)<\/span><\/p>\n<p>[\/vc_column_text][\/vc_column_inner][\/vc_row_inner][\/vc_column][\/vc_row][vc_row content_text_aligment=&#8221;center&#8221; css=&#8221;.vc_custom_1578700716896{margin-bottom: -45px !important;border-top-width: 1px !important;border-top-color: #e4dedb !important;border-top-style: solid !important;}&#8221;][vc_column offset=&#8221;vc_hidden-xs&#8221;][vc_row_inner content_placement=&#8221;top&#8221; gap=&#8221;1&#8243; row_content_width=&#8221;grid&#8221; content_text_aligment=&#8221;center&#8221; css=&#8221;.vc_custom_1578693453795{padding-top: 5% !important;padding-bottom: 5% !important;}&#8221;][vc_column_inner width=&#8221;1\/2&#8243; css=&#8221;.vc_custom_1590745617924{border-top-width: 0px !important;border-right-width: 1px !important;border-bottom-width: 0px !important;border-left-width: 0px !important;padding-right: 10% !important;padding-left: 10% !important;border-left-color: #e4dedb !important;border-left-style: dotted !important;border-right-color: #e4dedb !important;border-right-style: dotted !important;border-top-color: #e4dedb !important;border-top-style: dotted !important;border-bottom-color: #e4dedb !important;border-bottom-style: dotted !important;}&#8221; offset=&#8221;vc_hidden-xs&#8221;][vc_column_text]<\/p>\n<h2>Studiecentrum<\/h2>\n<p><a href=\"\/nl\/ontdek\/studiecentrum\">Ontdek<\/a>[\/vc_column_text][vc_empty_space height=&#8221;20px&#8221;][\/vc_column_inner][vc_column_inner width=&#8221;1\/2&#8243; css=&#8221;.vc_custom_1590745623380{border-top-width: 0px !important;border-right-width: 0px !important;border-bottom-width: 0px !important;border-left-width: 0px !important;padding-right: 10% !important;padding-left: 10% !important;}&#8221; offset=&#8221;vc_hidden-xs&#8221;][vc_column_text]<\/p>\n<h2>ERASMUS<\/h2>\n<p><a href=\"\/nl\/ontdek\/erasmus\">Ontdek<\/a>[\/vc_column_text][vc_empty_space height=&#8221;20px&#8221;][\/vc_column_inner][\/vc_row_inner][\/vc_column][\/vc_row][vc_row content_text_aligment=&#8221;center&#8221; css=&#8221;.vc_custom_1578700716896{margin-bottom: -45px !important;border-top-width: 1px !important;border-top-color: #e4dedb !important;border-top-style: solid !important;}&#8221;][vc_column offset=&#8221;vc_hidden-lg vc_hidden-md vc_hidden-sm&#8221;][vc_row_inner content_placement=&#8221;top&#8221; gap=&#8221;1&#8243; row_content_width=&#8221;grid&#8221; content_text_aligment=&#8221;center&#8221; css=&#8221;.vc_custom_1578693453795{padding-top: 5% !important;padding-bottom: 5% !important;}&#8221;][vc_column_inner width=&#8221;1\/2&#8243; css=&#8221;.vc_custom_1585753633326{border-top-width: 0px !important;border-bottom-width: 0px !important;border-left-width: 0px !important;padding-right: 10% !important;padding-left: 10% !important;border-left-color: #e4dedb !important;border-left-style: dotted !important;border-top-color: #e4dedb !important;border-top-style: dotted !important;border-bottom-color: #e4dedb !important;border-bottom-style: dotted !important;}&#8221;][vc_column_text]<\/p>\n<h2>Studiecentrum<\/h2>\n<p><a href=\"\/nl\/ontdek\/studiecentrum\">Ontdek<\/a>[\/vc_column_text][vc_empty_space height=&#8221;20px&#8221;][\/vc_column_inner][vc_column_inner width=&#8221;1\/2&#8243; css=&#8221;.vc_custom_1576513299643{border-top-width: 0px !important;border-right-width: 0px !important;border-bottom-width: 0px !important;border-left-width: 0px !important;padding-right: 10% !important;padding-left: 10% !important;}&#8221;][vc_column_text]<\/p>\n<h2>ERASMUS<\/h2>\n<p><a href=\"\/nl\/ontdek\/erasmus\">Ontdek<\/a>[\/vc_column_text][vc_empty_space height=&#8221;20px&#8221;][\/vc_column_inner][\/vc_row_inner][\/vc_column][\/vc_row]<\/p>\n<\/div>","protected":false},"excerpt":{"rendered":"<p> [&hellip;]<\/p>\n","protected":false},"author":1,"featured_media":0,"parent":7209,"menu_order":0,"comment_status":"closed","ping_status":"closed","template":"full-width.php","meta":{"_acf_changed":false,"footnotes":""},"class_list":["post-7272","page","type-page","status-publish","hentry"],"acf":[],"yoast_head":"<!-- This site is optimized with the Yoast SEO plugin v27.3 - https:\/\/yoast.com\/product\/yoast-seo-wordpress\/ -->\n<title>Tuinen - Erasmus House<\/title>\n<meta name=\"robots\" content=\"index, follow, max-snippet:-1, max-image-preview:large, max-video-preview:-1\" \/>\n<link rel=\"canonical\" href=\"https:\/\/www.erasmushouse.museum\/nl\/ontdek\/tuinen\/\" \/>\n<meta property=\"og:locale\" content=\"nl_NL\" \/>\n<meta property=\"og:type\" content=\"article\" \/>\n<meta property=\"og:title\" content=\"Tuinen - Erasmus House\" \/>\n<meta property=\"og:description\" content=\"[&hellip;]\" \/>\n<meta property=\"og:url\" content=\"https:\/\/www.erasmushouse.museum\/nl\/ontdek\/tuinen\/\" \/>\n<meta property=\"og:site_name\" content=\"Erasmus House\" \/>\n<meta property=\"article:modified_time\" content=\"2020-07-01T11:34:08+00:00\" \/>\n<meta name=\"twitter:card\" content=\"summary_large_image\" \/>\n<meta name=\"twitter:label1\" content=\"Geschatte leestijd\" \/>\n\t<meta name=\"twitter:data1\" content=\"5 minuten\" \/>\n<script type=\"application\/ld+json\" class=\"yoast-schema-graph\">{\"@context\":\"https:\\\/\\\/schema.org\",\"@graph\":[{\"@type\":\"WebPage\",\"@id\":\"https:\\\/\\\/www.erasmushouse.museum\\\/nl\\\/ontdek\\\/tuinen\\\/\",\"url\":\"https:\\\/\\\/www.erasmushouse.museum\\\/nl\\\/ontdek\\\/tuinen\\\/\",\"name\":\"Tuinen - Erasmus House\",\"isPartOf\":{\"@id\":\"https:\\\/\\\/erasmushouse.museum\\\/nl\\\/#website\"},\"datePublished\":\"2019-12-17T18:15:52+00:00\",\"dateModified\":\"2020-07-01T11:34:08+00:00\",\"breadcrumb\":{\"@id\":\"https:\\\/\\\/www.erasmushouse.museum\\\/nl\\\/ontdek\\\/tuinen\\\/#breadcrumb\"},\"inLanguage\":\"nl-NL\",\"potentialAction\":[{\"@type\":\"ReadAction\",\"target\":[\"https:\\\/\\\/www.erasmushouse.museum\\\/nl\\\/ontdek\\\/tuinen\\\/\"]}]},{\"@type\":\"BreadcrumbList\",\"@id\":\"https:\\\/\\\/www.erasmushouse.museum\\\/nl\\\/ontdek\\\/tuinen\\\/#breadcrumb\",\"itemListElement\":[{\"@type\":\"ListItem\",\"position\":1,\"name\":\"Home\",\"item\":\"https:\\\/\\\/www.erasmushouse.museum\\\/nl\\\/\"},{\"@type\":\"ListItem\",\"position\":2,\"name\":\"Ontdek\",\"item\":\"https:\\\/\\\/www.erasmushouse.museum\\\/nl\\\/ontdek\\\/\"},{\"@type\":\"ListItem\",\"position\":3,\"name\":\"Tuinen\"}]},{\"@type\":\"WebSite\",\"@id\":\"https:\\\/\\\/erasmushouse.museum\\\/nl\\\/#website\",\"url\":\"https:\\\/\\\/erasmushouse.museum\\\/nl\\\/\",\"name\":\"Erasmus House\",\"description\":\"Visitez une des plus anciennes maisons gothiques de Bruxelles\",\"potentialAction\":[{\"@type\":\"SearchAction\",\"target\":{\"@type\":\"EntryPoint\",\"urlTemplate\":\"https:\\\/\\\/erasmushouse.museum\\\/nl\\\/?s={search_term_string}\"},\"query-input\":{\"@type\":\"PropertyValueSpecification\",\"valueRequired\":true,\"valueName\":\"search_term_string\"}}],\"inLanguage\":\"nl-NL\"}]}<\/script>\n<!-- \/ Yoast SEO plugin. -->","yoast_head_json":{"title":"Tuinen - Erasmus House","robots":{"index":"index","follow":"follow","max-snippet":"max-snippet:-1","max-image-preview":"max-image-preview:large","max-video-preview":"max-video-preview:-1"},"canonical":"https:\/\/www.erasmushouse.museum\/nl\/ontdek\/tuinen\/","og_locale":"nl_NL","og_type":"article","og_title":"Tuinen - Erasmus House","og_description":"[&hellip;]","og_url":"https:\/\/www.erasmushouse.museum\/nl\/ontdek\/tuinen\/","og_site_name":"Erasmus House","article_modified_time":"2020-07-01T11:34:08+00:00","twitter_card":"summary_large_image","twitter_misc":{"Geschatte leestijd":"5 minuten"},"schema":{"@context":"https:\/\/schema.org","@graph":[{"@type":"WebPage","@id":"https:\/\/www.erasmushouse.museum\/nl\/ontdek\/tuinen\/","url":"https:\/\/www.erasmushouse.museum\/nl\/ontdek\/tuinen\/","name":"Tuinen - Erasmus House","isPartOf":{"@id":"https:\/\/erasmushouse.museum\/nl\/#website"},"datePublished":"2019-12-17T18:15:52+00:00","dateModified":"2020-07-01T11:34:08+00:00","breadcrumb":{"@id":"https:\/\/www.erasmushouse.museum\/nl\/ontdek\/tuinen\/#breadcrumb"},"inLanguage":"nl-NL","potentialAction":[{"@type":"ReadAction","target":["https:\/\/www.erasmushouse.museum\/nl\/ontdek\/tuinen\/"]}]},{"@type":"BreadcrumbList","@id":"https:\/\/www.erasmushouse.museum\/nl\/ontdek\/tuinen\/#breadcrumb","itemListElement":[{"@type":"ListItem","position":1,"name":"Home","item":"https:\/\/www.erasmushouse.museum\/nl\/"},{"@type":"ListItem","position":2,"name":"Ontdek","item":"https:\/\/www.erasmushouse.museum\/nl\/ontdek\/"},{"@type":"ListItem","position":3,"name":"Tuinen"}]},{"@type":"WebSite","@id":"https:\/\/erasmushouse.museum\/nl\/#website","url":"https:\/\/erasmushouse.museum\/nl\/","name":"Erasmus House","description":"Visitez une des plus anciennes maisons gothiques de Bruxelles","potentialAction":[{"@type":"SearchAction","target":{"@type":"EntryPoint","urlTemplate":"https:\/\/erasmushouse.museum\/nl\/?s={search_term_string}"},"query-input":{"@type":"PropertyValueSpecification","valueRequired":true,"valueName":"search_term_string"}}],"inLanguage":"nl-NL"}]}},"_links":{"self":[{"href":"https:\/\/www.erasmushouse.museum\/nl\/wp-json\/wp\/v2\/pages\/7272","targetHints":{"allow":["GET"]}}],"collection":[{"href":"https:\/\/www.erasmushouse.museum\/nl\/wp-json\/wp\/v2\/pages"}],"about":[{"href":"https:\/\/www.erasmushouse.museum\/nl\/wp-json\/wp\/v2\/types\/page"}],"author":[{"embeddable":true,"href":"https:\/\/www.erasmushouse.museum\/nl\/wp-json\/wp\/v2\/users\/1"}],"replies":[{"embeddable":true,"href":"https:\/\/www.erasmushouse.museum\/nl\/wp-json\/wp\/v2\/comments?post=7272"}],"version-history":[{"count":11,"href":"https:\/\/www.erasmushouse.museum\/nl\/wp-json\/wp\/v2\/pages\/7272\/revisions"}],"predecessor-version":[{"id":8630,"href":"https:\/\/www.erasmushouse.museum\/nl\/wp-json\/wp\/v2\/pages\/7272\/revisions\/8630"}],"up":[{"embeddable":true,"href":"https:\/\/www.erasmushouse.museum\/nl\/wp-json\/wp\/v2\/pages\/7209"}],"wp:attachment":[{"href":"https:\/\/www.erasmushouse.museum\/nl\/wp-json\/wp\/v2\/media?parent=7272"}],"curies":[{"name":"wp","href":"https:\/\/api.w.org\/{rel}","templated":true}]}}