{"id":10463,"date":"2021-01-18T15:32:04","date_gmt":"2021-01-18T14:32:04","guid":{"rendered":"https:\/\/erasmushouse.museum\/jeu-sur-la-piste-derasme\/"},"modified":"2025-10-06T12:32:04","modified_gmt":"2025-10-06T10:32:04","slug":"ontdekkingstocht-in-de-voetsporen-van-erasmus","status":"publish","type":"page","link":"https:\/\/www.erasmushouse.museum\/nl\/families\/ontdekkingstocht-in-de-voetsporen-van-erasmus\/","title":{"rendered":"Ontdekkingstocht: in de voetsporen van Erasmus"},"content":{"rendered":"<div class=\"wpb-content-wrapper\"><p>[vc_row full_width=&#8221;stretch_row&#8221; content_placement=&#8221;top&#8221; css=&#8221;.vc_custom_1590745499455{margin-right: 0px !important;margin-left: 0px !important;padding-bottom: 5% !important;}&#8221;][vc_column][vc_row_inner][vc_column_inner offset=&#8221;vc_hidden-lg vc_hidden-md&#8221;][vc_empty_space height=&#8221;60px&#8221;][\/vc_column_inner][\/vc_row_inner][vc_row_inner css=&#8221;.vc_custom_1578521554371{padding-top: 10% !important;padding-bottom: 5% !important;}&#8221;][vc_column_inner width=&#8221;1\/4&#8243;][\/vc_column_inner][vc_column_inner width=&#8221;1\/2&#8243;][vc_column_text css=&#8221;&#8221;]<\/p>\n<h1 style=\"text-align: center;\">In de voetsporen van Erasmus<\/h1>\n<h3 style=\"text-align: center;\">Spel<\/h3>\n<h3 style=\"text-align: center;\">7 tot 12 jaar<\/h3>\n<div id=\"gtx-trans\" style=\"position: absolute; left: -4px; top: 258px;\">\n<div class=\"gtx-trans-icon\"><\/div>\n<\/div>\n<p>[\/vc_column_text][\/vc_column_inner][vc_column_inner width=&#8221;1\/4&#8243;][\/vc_column_inner][\/vc_row_inner][vc_row_inner row_content_width=&#8221;grid&#8221; content_text_aligment=&#8221;left&#8221;][vc_column_inner width=&#8221;1\/6&#8243;][\/vc_column_inner][vc_column_inner width=&#8221;4\/6&#8243;][vc_column_text][\/vc_column_text][vc_empty_space height=&#8221;40px&#8221;][\/vc_column_inner][vc_column_inner width=&#8221;1\/6&#8243;][\/vc_column_inner][\/vc_row_inner][vc_row_inner row_content_width=&#8221;grid&#8221; content_text_aligment=&#8221;center&#8221;][vc_column_inner width=&#8221;1\/6&#8243;][\/vc_column_inner][vc_column_inner width=&#8221;4\/6&#8243;][vc_single_image image=&#8221;7419&#8243; img_size=&#8221;full&#8221; alignment=&#8221;center&#8221;][\/vc_column_inner][vc_column_inner width=&#8221;1\/6&#8243;][\/vc_column_inner][\/vc_row_inner][vc_row_inner row_content_width=&#8221;grid&#8221; content_text_aligment=&#8221;center&#8221;][vc_column_inner width=&#8221;1\/6&#8243;][\/vc_column_inner][vc_column_inner width=&#8221;2\/6&#8243;][vc_empty_space height=&#8221;40px&#8221;][\/vc_column_inner][vc_column_inner width=&#8221;1\/2&#8243; css=&#8221;.vc_custom_1577745683376{margin-top: -100px !important;margin-right: 12% !important;padding-top: 10% !important;padding-right: 10% !important;padding-bottom: 10% !important;padding-left: 10% !important;background-color: #ffffff !important;}&#8221; offset=&#8221;vc_hidden-sm vc_hidden-xs&#8221;][vc_empty_space height=&#8221;20px&#8221;][vc_column_text css=&#8221;&#8221;]<\/p>\n<p class=\"p1\" style=\"text-align: left;\">Tijdens dit parcours in ons museum speuren de kindjes in alle hoeken en gaten van dit oude huis. Op vragen volgen acties, waarbij het de bedoeling is dat ze de belangrijkste objecten in ons museum ontdekken. Zo kunnen de durfals onder hen ook even boekbinder, drukker, logodesigner of zelfs vervalser worden!<\/p>\n<p>[\/vc_column_text][vc_empty_space height=&#8221;20px&#8221;][\/vc_column_inner][\/vc_row_inner][vc_row_inner row_content_width=&#8221;grid&#8221; content_text_aligment=&#8221;center&#8221;][vc_column_inner offset=&#8221;vc_hidden-lg vc_hidden-md&#8221;][vc_empty_space height=&#8221;20px&#8221;][vc_column_text]<\/p>\n<p class=\"p1\" style=\"text-align: left;\"><span class=\"s1\">Au fil de ce jeu-parcours dans le mus\u00e9e, les \u00e9l\u00e8ves explorent les coins et recoins de l&#8217;antique maison. De questions en actions, ils d\u00e9couvrent les \u0153uvres strat\u00e9giques du mus\u00e9e. Ceux qui l\u2019osent deviendront relieurs, imprimeurs, logo designers et m\u00eame faussaires ! <\/span><\/p>\n<p>[\/vc_column_text][vc_empty_space height=&#8221;20px&#8221;][\/vc_column_inner][\/vc_row_inner][vc_row_inner content_placement=&#8221;top&#8221; row_content_width=&#8221;grid&#8221; css=&#8221;.vc_custom_1578521943992{margin-top: 60px !important;}&#8221;][vc_column_inner width=&#8221;1\/6&#8243;][\/vc_column_inner][vc_column_inner width=&#8221;1\/3&#8243;][vc_column_text css=&#8221;.vc_custom_1759746658814{padding-right: 5% !important;padding-left: 10% !important;}&#8221;]<\/p>\n<h5><strong>Voor ouders en kindjes van 7 tot 12 jaar<\/strong><br \/>\nDuur 1 uur<\/h5>\n<h5>\u20ac100 (gids) + 3\u20ac per leerling<\/h5>\n<h5><\/h5>\n<p>[\/vc_column_text][\/vc_column_inner][vc_column_inner width=&#8221;1\/3&#8243;][vc_column_text css=&#8221;.vc_custom_1759746686439{padding-right: 5% !important;padding-left: 10% !important;}&#8221;]<\/p>\n<h5 style=\"text-align: left;\"><strong>Info en reservatie<\/strong><\/h5>\n<h5 style=\"text-align: left;\">+ 32 2 521 13 83<\/h5>\n<p><a href=\"reservations@erasmushouse.museum\">reservations@erasmushouse.museum<\/a><\/p>\n<p>[\/vc_column_text][\/vc_column_inner][vc_column_inner width=&#8221;1\/6&#8243;][\/vc_column_inner][\/vc_row_inner][\/vc_column][\/vc_row]<\/p>\n<\/div>","protected":false},"excerpt":{"rendered":"<p> [&hellip;]<\/p>\n","protected":false},"author":10,"featured_media":0,"parent":10392,"menu_order":0,"comment_status":"closed","ping_status":"closed","template":"full-width.php","meta":{"_acf_changed":false,"footnotes":""},"class_list":["post-10463","page","type-page","status-publish","hentry"],"acf":[],"yoast_head":"<!-- This site is optimized with the Yoast SEO plugin v27.3 - https:\/\/yoast.com\/product\/yoast-seo-wordpress\/ -->\n<title>Ontdekkingstocht: in de voetsporen van Erasmus - Erasmus House<\/title>\n<meta name=\"description\" content=\"Tijdens dit spel-parcours in ons museum speuren de kindjes van 9 tot 12 jaar in alle hoeken en gaten van dit oude Erasmushuis.\" \/>\n<meta name=\"robots\" content=\"index, follow, max-snippet:-1, max-image-preview:large, max-video-preview:-1\" \/>\n<link rel=\"canonical\" href=\"https:\/\/www.erasmushouse.museum\/nl\/families\/ontdekkingstocht-in-de-voetsporen-van-erasmus\/\" \/>\n<meta property=\"og:locale\" content=\"nl_NL\" \/>\n<meta property=\"og:type\" content=\"article\" \/>\n<meta property=\"og:title\" content=\"Ontdekkingstocht: in de voetsporen van Erasmus - Erasmus House\" \/>\n<meta property=\"og:description\" content=\"Tijdens dit spel-parcours in ons museum speuren de kindjes van 9 tot 12 jaar in alle hoeken en gaten van dit oude Erasmushuis.\" \/>\n<meta property=\"og:url\" content=\"https:\/\/www.erasmushouse.museum\/nl\/families\/ontdekkingstocht-in-de-voetsporen-van-erasmus\/\" \/>\n<meta property=\"og:site_name\" content=\"Erasmus House\" \/>\n<meta property=\"article:modified_time\" content=\"2025-10-06T10:32:04+00:00\" \/>\n<meta name=\"twitter:card\" content=\"summary_large_image\" \/>\n<meta name=\"twitter:label1\" content=\"Geschatte leestijd\" \/>\n\t<meta name=\"twitter:data1\" content=\"2 minuten\" \/>\n<script type=\"application\/ld+json\" class=\"yoast-schema-graph\">{\"@context\":\"https:\\\/\\\/schema.org\",\"@graph\":[{\"@type\":\"WebPage\",\"@id\":\"https:\\\/\\\/www.erasmushouse.museum\\\/nl\\\/families\\\/ontdekkingstocht-in-de-voetsporen-van-erasmus\\\/\",\"url\":\"https:\\\/\\\/www.erasmushouse.museum\\\/nl\\\/families\\\/ontdekkingstocht-in-de-voetsporen-van-erasmus\\\/\",\"name\":\"Ontdekkingstocht: in de voetsporen van Erasmus - Erasmus House\",\"isPartOf\":{\"@id\":\"https:\\\/\\\/erasmushouse.museum\\\/nl\\\/#website\"},\"datePublished\":\"2021-01-18T14:32:04+00:00\",\"dateModified\":\"2025-10-06T10:32:04+00:00\",\"description\":\"Tijdens dit spel-parcours in ons museum speuren de kindjes van 9 tot 12 jaar in alle hoeken en gaten van dit oude Erasmushuis.\",\"breadcrumb\":{\"@id\":\"https:\\\/\\\/www.erasmushouse.museum\\\/nl\\\/families\\\/ontdekkingstocht-in-de-voetsporen-van-erasmus\\\/#breadcrumb\"},\"inLanguage\":\"nl-NL\",\"potentialAction\":[{\"@type\":\"ReadAction\",\"target\":[\"https:\\\/\\\/www.erasmushouse.museum\\\/nl\\\/families\\\/ontdekkingstocht-in-de-voetsporen-van-erasmus\\\/\"]}]},{\"@type\":\"BreadcrumbList\",\"@id\":\"https:\\\/\\\/www.erasmushouse.museum\\\/nl\\\/families\\\/ontdekkingstocht-in-de-voetsporen-van-erasmus\\\/#breadcrumb\",\"itemListElement\":[{\"@type\":\"ListItem\",\"position\":1,\"name\":\"Home\",\"item\":\"https:\\\/\\\/www.erasmushouse.museum\\\/nl\\\/\"},{\"@type\":\"ListItem\",\"position\":2,\"name\":\"Families\",\"item\":\"https:\\\/\\\/www.erasmushouse.museum\\\/nl\\\/families\\\/\"},{\"@type\":\"ListItem\",\"position\":3,\"name\":\"Ontdekkingstocht: in de voetsporen van Erasmus\"}]},{\"@type\":\"WebSite\",\"@id\":\"https:\\\/\\\/erasmushouse.museum\\\/nl\\\/#website\",\"url\":\"https:\\\/\\\/erasmushouse.museum\\\/nl\\\/\",\"name\":\"Erasmus House\",\"description\":\"Visitez une des plus anciennes maisons gothiques de Bruxelles\",\"potentialAction\":[{\"@type\":\"SearchAction\",\"target\":{\"@type\":\"EntryPoint\",\"urlTemplate\":\"https:\\\/\\\/erasmushouse.museum\\\/nl\\\/?s={search_term_string}\"},\"query-input\":{\"@type\":\"PropertyValueSpecification\",\"valueRequired\":true,\"valueName\":\"search_term_string\"}}],\"inLanguage\":\"nl-NL\"}]}<\/script>\n<!-- \/ Yoast SEO plugin. -->","yoast_head_json":{"title":"Ontdekkingstocht: in de voetsporen van Erasmus - Erasmus House","description":"Tijdens dit spel-parcours in ons museum speuren de kindjes van 9 tot 12 jaar in alle hoeken en gaten van dit oude Erasmushuis.","robots":{"index":"index","follow":"follow","max-snippet":"max-snippet:-1","max-image-preview":"max-image-preview:large","max-video-preview":"max-video-preview:-1"},"canonical":"https:\/\/www.erasmushouse.museum\/nl\/families\/ontdekkingstocht-in-de-voetsporen-van-erasmus\/","og_locale":"nl_NL","og_type":"article","og_title":"Ontdekkingstocht: in de voetsporen van Erasmus - Erasmus House","og_description":"Tijdens dit spel-parcours in ons museum speuren de kindjes van 9 tot 12 jaar in alle hoeken en gaten van dit oude Erasmushuis.","og_url":"https:\/\/www.erasmushouse.museum\/nl\/families\/ontdekkingstocht-in-de-voetsporen-van-erasmus\/","og_site_name":"Erasmus House","article_modified_time":"2025-10-06T10:32:04+00:00","twitter_card":"summary_large_image","twitter_misc":{"Geschatte leestijd":"2 minuten"},"schema":{"@context":"https:\/\/schema.org","@graph":[{"@type":"WebPage","@id":"https:\/\/www.erasmushouse.museum\/nl\/families\/ontdekkingstocht-in-de-voetsporen-van-erasmus\/","url":"https:\/\/www.erasmushouse.museum\/nl\/families\/ontdekkingstocht-in-de-voetsporen-van-erasmus\/","name":"Ontdekkingstocht: in de voetsporen van Erasmus - Erasmus House","isPartOf":{"@id":"https:\/\/erasmushouse.museum\/nl\/#website"},"datePublished":"2021-01-18T14:32:04+00:00","dateModified":"2025-10-06T10:32:04+00:00","description":"Tijdens dit spel-parcours in ons museum speuren de kindjes van 9 tot 12 jaar in alle hoeken en gaten van dit oude Erasmushuis.","breadcrumb":{"@id":"https:\/\/www.erasmushouse.museum\/nl\/families\/ontdekkingstocht-in-de-voetsporen-van-erasmus\/#breadcrumb"},"inLanguage":"nl-NL","potentialAction":[{"@type":"ReadAction","target":["https:\/\/www.erasmushouse.museum\/nl\/families\/ontdekkingstocht-in-de-voetsporen-van-erasmus\/"]}]},{"@type":"BreadcrumbList","@id":"https:\/\/www.erasmushouse.museum\/nl\/families\/ontdekkingstocht-in-de-voetsporen-van-erasmus\/#breadcrumb","itemListElement":[{"@type":"ListItem","position":1,"name":"Home","item":"https:\/\/www.erasmushouse.museum\/nl\/"},{"@type":"ListItem","position":2,"name":"Families","item":"https:\/\/www.erasmushouse.museum\/nl\/families\/"},{"@type":"ListItem","position":3,"name":"Ontdekkingstocht: in de voetsporen van Erasmus"}]},{"@type":"WebSite","@id":"https:\/\/erasmushouse.museum\/nl\/#website","url":"https:\/\/erasmushouse.museum\/nl\/","name":"Erasmus House","description":"Visitez une des plus anciennes maisons gothiques de Bruxelles","potentialAction":[{"@type":"SearchAction","target":{"@type":"EntryPoint","urlTemplate":"https:\/\/erasmushouse.museum\/nl\/?s={search_term_string}"},"query-input":{"@type":"PropertyValueSpecification","valueRequired":true,"valueName":"search_term_string"}}],"inLanguage":"nl-NL"}]}},"_links":{"self":[{"href":"https:\/\/www.erasmushouse.museum\/nl\/wp-json\/wp\/v2\/pages\/10463","targetHints":{"allow":["GET"]}}],"collection":[{"href":"https:\/\/www.erasmushouse.museum\/nl\/wp-json\/wp\/v2\/pages"}],"about":[{"href":"https:\/\/www.erasmushouse.museum\/nl\/wp-json\/wp\/v2\/types\/page"}],"author":[{"embeddable":true,"href":"https:\/\/www.erasmushouse.museum\/nl\/wp-json\/wp\/v2\/users\/10"}],"replies":[{"embeddable":true,"href":"https:\/\/www.erasmushouse.museum\/nl\/wp-json\/wp\/v2\/comments?post=10463"}],"version-history":[{"count":6,"href":"https:\/\/www.erasmushouse.museum\/nl\/wp-json\/wp\/v2\/pages\/10463\/revisions"}],"predecessor-version":[{"id":22819,"href":"https:\/\/www.erasmushouse.museum\/nl\/wp-json\/wp\/v2\/pages\/10463\/revisions\/22819"}],"up":[{"embeddable":true,"href":"https:\/\/www.erasmushouse.museum\/nl\/wp-json\/wp\/v2\/pages\/10392"}],"wp:attachment":[{"href":"https:\/\/www.erasmushouse.museum\/nl\/wp-json\/wp\/v2\/media?parent=10463"}],"curies":[{"name":"wp","href":"https:\/\/api.w.org\/{rel}","templated":true}]}}