{"id":7489,"date":"2020-03-10T17:13:29","date_gmt":"2020-03-10T16:13:29","guid":{"rendered":"https:\/\/erasmushouse.museum\/schools\/parcours-maison-et-jardin-d-erasme\/"},"modified":"2020-06-26T10:31:16","modified_gmt":"2020-06-26T08:31:16","slug":"parcours-maison-et-jardin-d-erasme","status":"publish","type":"page","link":"https:\/\/www.erasmushouse.museum\/en\/parcours-maison-et-jardin-d-erasme\/","title":{"rendered":"Parcours :\u00a0Maison et jardin d\u2019\u00c9rasme"},"content":{"rendered":"<div class=\"wpb-content-wrapper\"><p>[vc_row content_placement=&#8221;top&#8221; css=&#8221;.vc_custom_1577745672375{margin-right: 0px !important;margin-left: 0px !important;padding-bottom: 5% !important;}&#8221;][vc_column][vc_row_inner][vc_column_inner offset=&#8221;vc_hidden-lg vc_hidden-md&#8221;][vc_empty_space height=&#8221;60px&#8221;][\/vc_column_inner][\/vc_row_inner][vc_row_inner css=&#8221;.vc_custom_1578521554371{padding-top: 10% !important;padding-bottom: 5% !important;}&#8221;][vc_column_inner width=&#8221;1\/4&#8243;][\/vc_column_inner][vc_column_inner width=&#8221;1\/2&#8243;][vc_column_text]<\/p>\n<h1 style=\"text-align: center;\">Explorez par vous-m\u00eames<\/h1>\n<h3 style=\"text-align: center;\">Parcours<\/h3>\n<div id=\"gtx-trans\" style=\"position: absolute; left: 62px; top: -7px;\">\n<div class=\"gtx-trans-icon\"><\/div>\n<\/div>\n<p>[\/vc_column_text][\/vc_column_inner][vc_column_inner width=&#8221;1\/4&#8243;][\/vc_column_inner][\/vc_row_inner][vc_row_inner row_content_width=&#8221;grid&#8221; content_text_aligment=&#8221;left&#8221;][vc_column_inner width=&#8221;1\/6&#8243;][\/vc_column_inner][vc_column_inner width=&#8221;4\/6&#8243;][vc_column_text][\/vc_column_text][vc_empty_space height=&#8221;40px&#8221;][\/vc_column_inner][vc_column_inner width=&#8221;1\/6&#8243;][\/vc_column_inner][\/vc_row_inner][vc_row_inner row_content_width=&#8221;grid&#8221; content_text_aligment=&#8221;center&#8221;][vc_column_inner width=&#8221;1\/6&#8243;][\/vc_column_inner][vc_column_inner width=&#8221;4\/6&#8243;][vc_single_image image=&#8221;7421&#8243; img_size=&#8221;full&#8221; alignment=&#8221;center&#8221;][\/vc_column_inner][vc_column_inner width=&#8221;1\/6&#8243;][\/vc_column_inner][\/vc_row_inner][vc_row_inner row_content_width=&#8221;grid&#8221; content_text_aligment=&#8221;center&#8221;][vc_column_inner width=&#8221;1\/6&#8243;][\/vc_column_inner][vc_column_inner width=&#8221;2\/6&#8243;][vc_empty_space height=&#8221;40px&#8221;][\/vc_column_inner][vc_column_inner width=&#8221;1\/2&#8243; css=&#8221;.vc_custom_1588758052383{margin-top: -100px !important;margin-right: 12% !important;padding-top: 10% !important;padding-right: 10% !important;padding-bottom: 10% !important;padding-left: 10% !important;background-color: #ffffff !important;}&#8221; offset=&#8221;vc_hidden-sm vc_hidden-xs&#8221;][vc_empty_space height=&#8221;20px&#8221;][vc_column_text]<\/p>\n<p class=\"p1\" style=\"text-align: left;\">Ce dossier vous accompagne pour une visite scolaire de la Maison d&#8217;\u00c9rasme \u00ab cl\u00e9s en mains \u00bb. Il est id\u00e9al si vous souhaitez guider vous-m\u00eame les \u00e9l\u00e8ves. Vous imprimez pour vos \u00e9l\u00e8ves le carnet d\u2019observations qui les m\u00e8nera de pi\u00e8ce en pi\u00e8ce, jusqu\u2019au jardin.<\/p>\n<p class=\"p1\" style=\"text-align: left;\">Vous disposez du carnet du professeur avec les r\u00e9ponses, une conclusion \u00e0 partager apr\u00e8s chaque exercice et des pistes de r\u00e9flexion.<\/p>\n<p>[\/vc_column_text][vc_empty_space height=&#8221;20px&#8221;][\/vc_column_inner][\/vc_row_inner][vc_row_inner row_content_width=&#8221;grid&#8221; content_text_aligment=&#8221;center&#8221;][vc_column_inner offset=&#8221;vc_hidden-lg vc_hidden-md&#8221;][vc_empty_space height=&#8221;20px&#8221;][vc_column_text]<\/p>\n<p class=\"p1\" style=\"text-align: left;\">Ce dossier vous accompagne pour une visite scolaire de la Maison d&#8217;\u00c9rasme \u00ab cl\u00e9s en mains \u00bb. Il est id\u00e9al si vous souhaitez guider vous-m\u00eame les \u00e9l\u00e8ves. Vous imprimez pour vos \u00e9l\u00e8ves le carnet d\u2019observations qui les m\u00e8nera de pi\u00e8ce en pi\u00e8ce, jusqu\u2019au jardin.<\/p>\n<p class=\"p1\" style=\"text-align: left;\">Vous disposez du carnet du professeur avec les r\u00e9ponses, une conclusion \u00e0 partager apr\u00e8s chaque exercice et des pistes de r\u00e9flexion.<\/p>\n<p>[\/vc_column_text][vc_empty_space height=&#8221;20px&#8221;][\/vc_column_inner][\/vc_row_inner][vc_row_inner content_placement=&#8221;top&#8221; row_content_width=&#8221;grid&#8221; css=&#8221;.vc_custom_1578521943992{margin-top: 60px !important;}&#8221;][vc_column_inner width=&#8221;1\/6&#8243;][\/vc_column_inner][vc_column_inner width=&#8221;1\/3&#8243;][vc_column_text css=&#8221;.vc_custom_1587034775749{padding-right: 5% !important;padding-left: 10% !important;}&#8221;]<\/p>\n<h5><strong>Pour les \u00e9l\u00e8ves de la 5e primaire \u00e0 la 2e secondaire<\/strong><br \/>\nDur\u00e9e 2 h<\/h5>\n<h5><strong>Tarif\u00a0<\/strong><br \/>\nEntr\u00e9e 1,25 \u20ac p.p.<br \/>\nL&#8217;entr\u00e9e au mus\u00e9e est gratuite pour les \u00e9l\u00e8ves des \u00e9coles d&#8217;Anderlecht.<\/h5>\n<p>[\/vc_column_text][\/vc_column_inner][vc_column_inner width=&#8221;1\/3&#8243;][vc_column_text css=&#8221;.vc_custom_1587036275376{padding-right: 5% !important;padding-left: 10% !important;}&#8221;]<\/p>\n<h5 style=\"text-align: left;\"><strong>Info et r\u00e9servations<\/strong><\/h5>\n<h5 style=\"text-align: left;\">+ 32 2 521 13 83<br \/>\n<a href=\"mailto:info@erasmushouse.museum\">info@erasmushouse.museum<\/a><\/h5>\n<h5><a href=\"\/wp-content\/uploads\/2020\/04\/Erasme-dossier-du-prof.pdf\">T\u00e9l\u00e9chargez le carnet du professeur<\/a><br \/>\n<a href=\"\/wp-content\/uploads\/2020\/04\/Erasme-Carnet-de-le\u0301le\u0300ve.pdf\">T\u00e9l\u00e9chargez le carnet d\u2019observations pour les \u00e9l\u00e8ves<\/a><\/h5>\n<p>[\/vc_column_text][\/vc_column_inner][vc_column_inner width=&#8221;1\/6&#8243;][\/vc_column_inner][\/vc_row_inner][\/vc_column][\/vc_row][vc_row content_text_aligment=&#8221;center&#8221;][vc_column][vc_row_inner content_placement=&#8221;top&#8221; gap=&#8221;1&#8243; row_content_width=&#8221;grid&#8221; content_text_aligment=&#8221;center&#8221;][vc_column_inner css=&#8221;.vc_custom_1578954745602{border-right-width: 0px !important;border-bottom-width: 0px !important;border-left-width: 0px !important;padding-right: 10% !important;padding-left: 10% !important;border-left-color: #d8d8d8 !important;border-left-style: solid !important;border-right-color: #d8d8d8 !important;border-right-style: solid !important;border-bottom-color: #d8d8d8 !important;border-bottom-style: solid !important;}&#8221; offset=&#8221;vc_hidden-lg vc_hidden-md&#8221;][vc_empty_space height=&#8221;40px&#8221;][vc_column_text]<\/p>\n<h2>Enseignement primaire<\/h2>\n<p>[\/vc_column_text][vc_single_image image=&#8221;4903&#8243; img_size=&#8221;full&#8221; alignment=&#8221;center&#8221; css=&#8221;.vc_custom_1578954461311{margin-top: 20px !important;margin-bottom: 40px !important;}&#8221;][vc_wp_custommenu nav_menu=&#8221;38&#8243;][vc_empty_space height=&#8221;40px&#8221;][\/vc_column_inner][\/vc_row_inner][vc_row_inner content_placement=&#8221;top&#8221; gap=&#8221;1&#8243; row_content_width=&#8221;grid&#8221; content_text_aligment=&#8221;center&#8221; css=&#8221;.vc_custom_1578954441098{padding-top: 5% !important;padding-bottom: 5% !important;}&#8221;][vc_column_inner width=&#8221;1\/2&#8243; css=&#8221;.vc_custom_1578954650178{border-top-width: 0px !important;border-right-width: 1px !important;border-bottom-width: 0px !important;border-left-width: 0px !important;padding-right: 10% !important;padding-left: 10% !important;border-left-color: #d8d8d8 !important;border-left-style: solid !important;border-right-color: #d8d8d8 !important;border-right-style: solid !important;border-top-color: #d8d8d8 !important;border-top-style: solid !important;border-bottom-color: #d8d8d8 !important;border-bottom-style: solid !important;}&#8221; offset=&#8221;vc_hidden-sm vc_hidden-xs&#8221;][vc_column_text]<\/p>\n<h2>Enseignement primaire<\/h2>\n<p>[\/vc_column_text][vc_single_image image=&#8221;4903&#8243; img_size=&#8221;full&#8221; alignment=&#8221;center&#8221; css=&#8221;.vc_custom_1578954461311{margin-top: 20px !important;margin-bottom: 40px !important;}&#8221;][vc_wp_custommenu nav_menu=&#8221;38&#8243;][\/vc_column_inner][vc_column_inner width=&#8221;1\/2&#8243; css=&#8221;.vc_custom_1576513299643{border-top-width: 0px !important;border-right-width: 0px !important;border-bottom-width: 0px !important;border-left-width: 0px !important;padding-right: 10% !important;padding-left: 10% !important;}&#8221;][vc_column_text]<\/p>\n<h2>Enseignement secondaire et sup\u00e9rieur<\/h2>\n<p>[\/vc_column_text][vc_single_image image=&#8221;4903&#8243; img_size=&#8221;full&#8221; alignment=&#8221;center&#8221; css=&#8221;.vc_custom_1578954467550{margin-top: 20px !important;margin-bottom: 40px !important;}&#8221;][vc_wp_custommenu nav_menu=&#8221;37&#8243;][\/vc_column_inner][\/vc_row_inner][\/vc_column][\/vc_row]<\/p>\n<\/div>","protected":false},"excerpt":{"rendered":"<p> [&hellip;]<\/p>\n","protected":false},"author":1,"featured_media":0,"parent":0,"menu_order":0,"comment_status":"closed","ping_status":"closed","template":"full-width.php","meta":{"_acf_changed":false,"footnotes":""},"class_list":["post-7489","page","type-page","status-publish","hentry"],"acf":[],"yoast_head":"<!-- This site is optimized with the Yoast SEO plugin v27.3 - https:\/\/yoast.com\/product\/yoast-seo-wordpress\/ -->\n<title>Parcours :\u00a0Maison et jardin d\u2019\u00c9rasme - Erasmus House<\/title>\n<meta name=\"robots\" content=\"index, follow, max-snippet:-1, max-image-preview:large, max-video-preview:-1\" \/>\n<link rel=\"canonical\" href=\"https:\/\/www.erasmushouse.museum\/en\/parcours-maison-et-jardin-d-erasme\/\" \/>\n<meta property=\"og:locale\" content=\"en_US\" \/>\n<meta property=\"og:type\" content=\"article\" \/>\n<meta property=\"og:title\" content=\"Parcours :\u00a0Maison et jardin d\u2019\u00c9rasme - Erasmus House\" \/>\n<meta property=\"og:description\" content=\"[&hellip;]\" \/>\n<meta property=\"og:url\" content=\"https:\/\/www.erasmushouse.museum\/en\/parcours-maison-et-jardin-d-erasme\/\" \/>\n<meta property=\"og:site_name\" content=\"Erasmus House\" \/>\n<meta property=\"article:modified_time\" content=\"2020-06-26T08:31:16+00:00\" \/>\n<meta name=\"twitter:card\" content=\"summary_large_image\" \/>\n<meta name=\"twitter:label1\" content=\"Est. reading time\" \/>\n\t<meta name=\"twitter:data1\" content=\"4 minutes\" \/>\n<script type=\"application\/ld+json\" class=\"yoast-schema-graph\">{\"@context\":\"https:\\\/\\\/schema.org\",\"@graph\":[{\"@type\":\"WebPage\",\"@id\":\"https:\\\/\\\/www.erasmushouse.museum\\\/en\\\/parcours-maison-et-jardin-d-erasme\\\/\",\"url\":\"https:\\\/\\\/www.erasmushouse.museum\\\/en\\\/parcours-maison-et-jardin-d-erasme\\\/\",\"name\":\"Parcours :\u00a0Maison et jardin d\u2019\u00c9rasme - Erasmus House\",\"isPartOf\":{\"@id\":\"https:\\\/\\\/www.erasmushouse.museum\\\/en\\\/#website\"},\"datePublished\":\"2020-03-10T16:13:29+00:00\",\"dateModified\":\"2020-06-26T08:31:16+00:00\",\"breadcrumb\":{\"@id\":\"https:\\\/\\\/www.erasmushouse.museum\\\/en\\\/parcours-maison-et-jardin-d-erasme\\\/#breadcrumb\"},\"inLanguage\":\"en-US\",\"potentialAction\":[{\"@type\":\"ReadAction\",\"target\":[\"https:\\\/\\\/www.erasmushouse.museum\\\/en\\\/parcours-maison-et-jardin-d-erasme\\\/\"]}]},{\"@type\":\"BreadcrumbList\",\"@id\":\"https:\\\/\\\/www.erasmushouse.museum\\\/en\\\/parcours-maison-et-jardin-d-erasme\\\/#breadcrumb\",\"itemListElement\":[{\"@type\":\"ListItem\",\"position\":1,\"name\":\"Home\",\"item\":\"https:\\\/\\\/www.erasmushouse.museum\\\/en\\\/\"},{\"@type\":\"ListItem\",\"position\":2,\"name\":\"Parcours :\u00a0Maison et jardin d\u2019\u00c9rasme\"}]},{\"@type\":\"WebSite\",\"@id\":\"https:\\\/\\\/www.erasmushouse.museum\\\/en\\\/#website\",\"url\":\"https:\\\/\\\/www.erasmushouse.museum\\\/en\\\/\",\"name\":\"Erasmus House\",\"description\":\"Visitez une des plus anciennes maisons gothiques de Bruxelles\",\"potentialAction\":[{\"@type\":\"SearchAction\",\"target\":{\"@type\":\"EntryPoint\",\"urlTemplate\":\"https:\\\/\\\/www.erasmushouse.museum\\\/en\\\/?s={search_term_string}\"},\"query-input\":{\"@type\":\"PropertyValueSpecification\",\"valueRequired\":true,\"valueName\":\"search_term_string\"}}],\"inLanguage\":\"en-US\"}]}<\/script>\n<!-- \/ Yoast SEO plugin. -->","yoast_head_json":{"title":"Parcours :\u00a0Maison et jardin d\u2019\u00c9rasme - Erasmus House","robots":{"index":"index","follow":"follow","max-snippet":"max-snippet:-1","max-image-preview":"max-image-preview:large","max-video-preview":"max-video-preview:-1"},"canonical":"https:\/\/www.erasmushouse.museum\/en\/parcours-maison-et-jardin-d-erasme\/","og_locale":"en_US","og_type":"article","og_title":"Parcours :\u00a0Maison et jardin d\u2019\u00c9rasme - Erasmus House","og_description":"[&hellip;]","og_url":"https:\/\/www.erasmushouse.museum\/en\/parcours-maison-et-jardin-d-erasme\/","og_site_name":"Erasmus House","article_modified_time":"2020-06-26T08:31:16+00:00","twitter_card":"summary_large_image","twitter_misc":{"Est. reading time":"4 minutes"},"schema":{"@context":"https:\/\/schema.org","@graph":[{"@type":"WebPage","@id":"https:\/\/www.erasmushouse.museum\/en\/parcours-maison-et-jardin-d-erasme\/","url":"https:\/\/www.erasmushouse.museum\/en\/parcours-maison-et-jardin-d-erasme\/","name":"Parcours :\u00a0Maison et jardin d\u2019\u00c9rasme - Erasmus House","isPartOf":{"@id":"https:\/\/www.erasmushouse.museum\/en\/#website"},"datePublished":"2020-03-10T16:13:29+00:00","dateModified":"2020-06-26T08:31:16+00:00","breadcrumb":{"@id":"https:\/\/www.erasmushouse.museum\/en\/parcours-maison-et-jardin-d-erasme\/#breadcrumb"},"inLanguage":"en-US","potentialAction":[{"@type":"ReadAction","target":["https:\/\/www.erasmushouse.museum\/en\/parcours-maison-et-jardin-d-erasme\/"]}]},{"@type":"BreadcrumbList","@id":"https:\/\/www.erasmushouse.museum\/en\/parcours-maison-et-jardin-d-erasme\/#breadcrumb","itemListElement":[{"@type":"ListItem","position":1,"name":"Home","item":"https:\/\/www.erasmushouse.museum\/en\/"},{"@type":"ListItem","position":2,"name":"Parcours :\u00a0Maison et jardin d\u2019\u00c9rasme"}]},{"@type":"WebSite","@id":"https:\/\/www.erasmushouse.museum\/en\/#website","url":"https:\/\/www.erasmushouse.museum\/en\/","name":"Erasmus House","description":"Visitez une des plus anciennes maisons gothiques de Bruxelles","potentialAction":[{"@type":"SearchAction","target":{"@type":"EntryPoint","urlTemplate":"https:\/\/www.erasmushouse.museum\/en\/?s={search_term_string}"},"query-input":{"@type":"PropertyValueSpecification","valueRequired":true,"valueName":"search_term_string"}}],"inLanguage":"en-US"}]}},"_links":{"self":[{"href":"https:\/\/www.erasmushouse.museum\/en\/wp-json\/wp\/v2\/pages\/7489","targetHints":{"allow":["GET"]}}],"collection":[{"href":"https:\/\/www.erasmushouse.museum\/en\/wp-json\/wp\/v2\/pages"}],"about":[{"href":"https:\/\/www.erasmushouse.museum\/en\/wp-json\/wp\/v2\/types\/page"}],"author":[{"embeddable":true,"href":"https:\/\/www.erasmushouse.museum\/en\/wp-json\/wp\/v2\/users\/1"}],"replies":[{"embeddable":true,"href":"https:\/\/www.erasmushouse.museum\/en\/wp-json\/wp\/v2\/comments?post=7489"}],"version-history":[{"count":2,"href":"https:\/\/www.erasmushouse.museum\/en\/wp-json\/wp\/v2\/pages\/7489\/revisions"}],"predecessor-version":[{"id":8446,"href":"https:\/\/www.erasmushouse.museum\/en\/wp-json\/wp\/v2\/pages\/7489\/revisions\/8446"}],"wp:attachment":[{"href":"https:\/\/www.erasmushouse.museum\/en\/wp-json\/wp\/v2\/media?parent=7489"}],"curies":[{"name":"wp","href":"https:\/\/api.w.org\/{rel}","templated":true}]}}