{"id":7455,"date":"2020-03-10T17:28:26","date_gmt":"2020-03-10T16:28:26","guid":{"rendered":"https:\/\/erasmushouse.museum\/schools\/theatre-dobjets-dieu-erasme-et-moi\/"},"modified":"2020-06-26T10:22:06","modified_gmt":"2020-06-26T08:22:06","slug":"theatre-dobjets-dieu-erasme-et-moi","status":"publish","type":"page","link":"https:\/\/www.erasmushouse.museum\/en\/theatre-dobjets-dieu-erasme-et-moi\/","title":{"rendered":"Th\u00e9\u00e2tre d&#8217;objets : Dieu, \u00c9rasme et moi"},"content":{"rendered":"<div class=\"wpb-content-wrapper\"><p>[vc_row content_placement=&#8221;top&#8221; css=&#8221;.vc_custom_1577745672375{margin-right: 0px !important;margin-left: 0px !important;padding-bottom: 5% !important;}&#8221;][vc_column][vc_row_inner][vc_column_inner offset=&#8221;vc_hidden-lg vc_hidden-md&#8221;][vc_empty_space height=&#8221;60px&#8221;][\/vc_column_inner][\/vc_row_inner][vc_row_inner css=&#8221;.vc_custom_1578521554371{padding-top: 10% !important;padding-bottom: 5% !important;}&#8221;][vc_column_inner width=&#8221;1\/4&#8243;][\/vc_column_inner][vc_column_inner width=&#8221;1\/2&#8243;][vc_column_text]<\/p>\n<h1 style=\"text-align: center;\">Dieu, \u00c9rasme et moi<\/h1>\n<h3 style=\"text-align: center;\">Th\u00e9\u00e2tre d&#8217;objets<\/h3>\n<p>[\/vc_column_text][\/vc_column_inner][vc_column_inner width=&#8221;1\/4&#8243;][\/vc_column_inner][\/vc_row_inner][vc_row_inner row_content_width=&#8221;grid&#8221; content_text_aligment=&#8221;left&#8221;][vc_column_inner width=&#8221;1\/6&#8243;][\/vc_column_inner][vc_column_inner width=&#8221;4\/6&#8243;][vc_column_text][\/vc_column_text][vc_empty_space height=&#8221;40px&#8221;][\/vc_column_inner][vc_column_inner width=&#8221;1\/6&#8243;][\/vc_column_inner][\/vc_row_inner][vc_row_inner row_content_width=&#8221;grid&#8221; content_text_aligment=&#8221;center&#8221;][vc_column_inner width=&#8221;1\/6&#8243;][\/vc_column_inner][vc_column_inner width=&#8221;4\/6&#8243;][vc_single_image image=&#8221;7421&#8243; img_size=&#8221;full&#8221; alignment=&#8221;center&#8221;][\/vc_column_inner][vc_column_inner width=&#8221;1\/6&#8243;][\/vc_column_inner][\/vc_row_inner][vc_row_inner row_content_width=&#8221;grid&#8221; content_text_aligment=&#8221;center&#8221;][vc_column_inner width=&#8221;1\/6&#8243;][\/vc_column_inner][vc_column_inner width=&#8221;2\/6&#8243;][vc_empty_space height=&#8221;40px&#8221;][\/vc_column_inner][vc_column_inner width=&#8221;1\/2&#8243; css=&#8221;.vc_custom_1577745683376{margin-top: -100px !important;margin-right: 12% !important;padding-top: 10% !important;padding-right: 10% !important;padding-bottom: 10% !important;padding-left: 10% !important;background-color: #ffffff !important;}&#8221; offset=&#8221;vc_hidden-sm vc_hidden-xs&#8221;][vc_empty_space height=&#8221;20px&#8221;][vc_column_text]<\/p>\n<p class=\"p1\" style=\"text-align: left;\">\u00c0 travers livres, lettres et pages chiffonn\u00e9es, suivez le parcours d\u2019\u00c9rasme, moinillon rebelle qui veut vivre de sa plume. Apprenez avec lui comment d\u00e9masquer la Folie du monde, dire leurs quatre v\u00e9rit\u00e9s aux plus puissants tout en \u00e9chappant \u00e0 l\u2019Inquisition (\u00e7a peut toujours servir). Une plong\u00e9e pleine d\u2019encre et de papier dans le redoutable XVIe si\u00e8cle.<\/p>\n<h5 class=\"p1\" style=\"text-align: left;\">Th\u00e9\u00e2tre d\u2019objets par Ludwine Deblon (De Capes et de Mots asbl).<br \/>\nMise en sc\u00e8ne : St\u00e9phane Georis (Compagnie des Chemins de Terre).<br \/>\nD\u00e9veloppement des personnages : Michel Verbeeck.<\/h5>\n<p>[\/vc_column_text][vc_empty_space height=&#8221;20px&#8221;][\/vc_column_inner][\/vc_row_inner][vc_row_inner content_placement=&#8221;top&#8221; row_content_width=&#8221;grid&#8221; css=&#8221;.vc_custom_1578521943992{margin-top: 60px !important;}&#8221;][vc_column_inner width=&#8221;1\/6&#8243;][\/vc_column_inner][vc_column_inner width=&#8221;1\/3&#8243;][vc_column_text css=&#8221;.vc_custom_1587038152844{padding-right: 5% !important;padding-left: 10% !important;}&#8221;]<\/p>\n<h5><strong>Pour les \u00e9l\u00e8ves de 4e, 5e et 6e secondaire et de l&#8217;enseignement sup\u00e9rieur<\/strong><br \/>\nDur\u00e9e 1h15<br \/>\n\u00e0 9h30, 11h15, 13h ou 14h45<\/h5>\n<h5><strong>Tarif<\/strong><br \/>\nPar repr\u00e9sentation pour un public scolaire 150 euros<br \/>\nmax. 40 \u00e9l\u00e8ves<\/h5>\n<p>[\/vc_column_text][\/vc_column_inner][vc_column_inner width=&#8221;1\/3&#8243;][vc_column_text css=&#8221;.vc_custom_1587038021315{padding-right: 5% !important;padding-left: 10% !important;}&#8221;]<\/p>\n<h5 style=\"text-align: left;\"><strong>Info et r\u00e9servations<\/strong><\/h5>\n<h5 style=\"text-align: left;\">+ 32 2 521 13 83<br \/>\n<a href=\"mailto:info@erasmushouse.museum\">info@erasmushouse.museum<\/a><\/h5>\n<p>[\/vc_column_text][\/vc_column_inner][vc_column_inner width=&#8221;1\/6&#8243;][\/vc_column_inner][\/vc_row_inner][\/vc_column][\/vc_row][vc_row content_text_aligment=&#8221;center&#8221;][vc_column][vc_row_inner content_placement=&#8221;top&#8221; gap=&#8221;1&#8243; row_content_width=&#8221;grid&#8221; content_text_aligment=&#8221;center&#8221;][vc_column_inner css=&#8221;.vc_custom_1578954745602{border-right-width: 0px !important;border-bottom-width: 0px !important;border-left-width: 0px !important;padding-right: 10% !important;padding-left: 10% !important;border-left-color: #d8d8d8 !important;border-left-style: solid !important;border-right-color: #d8d8d8 !important;border-right-style: solid !important;border-bottom-color: #d8d8d8 !important;border-bottom-style: solid !important;}&#8221; offset=&#8221;vc_hidden-lg vc_hidden-md&#8221;][vc_empty_space height=&#8221;40px&#8221;][vc_column_text]<\/p>\n<h2>Enseignement primaire<\/h2>\n<p>[\/vc_column_text][vc_single_image image=&#8221;4903&#8243; img_size=&#8221;full&#8221; alignment=&#8221;center&#8221; css=&#8221;.vc_custom_1578954461311{margin-top: 20px !important;margin-bottom: 40px !important;}&#8221;][vc_wp_custommenu nav_menu=&#8221;38&#8243;][vc_empty_space height=&#8221;40px&#8221;][\/vc_column_inner][\/vc_row_inner][vc_row_inner content_placement=&#8221;top&#8221; gap=&#8221;1&#8243; row_content_width=&#8221;grid&#8221; content_text_aligment=&#8221;center&#8221; css=&#8221;.vc_custom_1578954441098{padding-top: 5% !important;padding-bottom: 5% !important;}&#8221;][vc_column_inner width=&#8221;1\/2&#8243; css=&#8221;.vc_custom_1578954650178{border-top-width: 0px !important;border-right-width: 1px !important;border-bottom-width: 0px !important;border-left-width: 0px !important;padding-right: 10% !important;padding-left: 10% !important;border-left-color: #d8d8d8 !important;border-left-style: solid !important;border-right-color: #d8d8d8 !important;border-right-style: solid !important;border-top-color: #d8d8d8 !important;border-top-style: solid !important;border-bottom-color: #d8d8d8 !important;border-bottom-style: solid !important;}&#8221; offset=&#8221;vc_hidden-sm vc_hidden-xs&#8221;][vc_column_text]<\/p>\n<h2>Enseignement primaire<\/h2>\n<p>[\/vc_column_text][vc_single_image image=&#8221;4903&#8243; img_size=&#8221;full&#8221; alignment=&#8221;center&#8221; css=&#8221;.vc_custom_1578954461311{margin-top: 20px !important;margin-bottom: 40px !important;}&#8221;][vc_wp_custommenu nav_menu=&#8221;38&#8243;][\/vc_column_inner][vc_column_inner width=&#8221;1\/2&#8243; css=&#8221;.vc_custom_1576513299643{border-top-width: 0px !important;border-right-width: 0px !important;border-bottom-width: 0px !important;border-left-width: 0px !important;padding-right: 10% !important;padding-left: 10% !important;}&#8221;][vc_column_text]<\/p>\n<h2>Enseignement secondaire et sup\u00e9rieur<\/h2>\n<p>[\/vc_column_text][vc_single_image image=&#8221;4903&#8243; img_size=&#8221;full&#8221; alignment=&#8221;center&#8221; css=&#8221;.vc_custom_1578954467550{margin-top: 20px !important;margin-bottom: 40px !important;}&#8221;][vc_wp_custommenu nav_menu=&#8221;37&#8243;][\/vc_column_inner][\/vc_row_inner][\/vc_column][\/vc_row]<\/p>\n<\/div>","protected":false},"excerpt":{"rendered":"<p> [&hellip;]<\/p>\n","protected":false},"author":1,"featured_media":0,"parent":0,"menu_order":0,"comment_status":"closed","ping_status":"closed","template":"full-width.php","meta":{"_acf_changed":false,"footnotes":""},"class_list":["post-7455","page","type-page","status-publish","hentry"],"acf":[],"yoast_head":"<!-- This site is optimized with the Yoast SEO plugin v27.3 - https:\/\/yoast.com\/product\/yoast-seo-wordpress\/ -->\n<title>Th\u00e9\u00e2tre d&#039;objets : Dieu, \u00c9rasme et moi - Erasmus House<\/title>\n<meta name=\"robots\" content=\"index, follow, max-snippet:-1, max-image-preview:large, max-video-preview:-1\" \/>\n<link rel=\"canonical\" href=\"https:\/\/www.erasmushouse.museum\/en\/theatre-dobjets-dieu-erasme-et-moi\/\" \/>\n<meta property=\"og:locale\" content=\"en_US\" \/>\n<meta property=\"og:type\" content=\"article\" \/>\n<meta property=\"og:title\" content=\"Th\u00e9\u00e2tre d&#039;objets : Dieu, \u00c9rasme et moi - Erasmus House\" \/>\n<meta property=\"og:description\" content=\"[&hellip;]\" \/>\n<meta property=\"og:url\" content=\"https:\/\/www.erasmushouse.museum\/en\/theatre-dobjets-dieu-erasme-et-moi\/\" \/>\n<meta property=\"og:site_name\" content=\"Erasmus House\" \/>\n<meta property=\"article:modified_time\" content=\"2020-06-26T08:22:06+00:00\" \/>\n<meta name=\"twitter:card\" content=\"summary_large_image\" \/>\n<meta name=\"twitter:label1\" content=\"Est. reading time\" \/>\n\t<meta name=\"twitter:data1\" content=\"4 minutes\" \/>\n<script type=\"application\/ld+json\" class=\"yoast-schema-graph\">{\"@context\":\"https:\\\/\\\/schema.org\",\"@graph\":[{\"@type\":\"WebPage\",\"@id\":\"https:\\\/\\\/www.erasmushouse.museum\\\/en\\\/theatre-dobjets-dieu-erasme-et-moi\\\/\",\"url\":\"https:\\\/\\\/www.erasmushouse.museum\\\/en\\\/theatre-dobjets-dieu-erasme-et-moi\\\/\",\"name\":\"Th\u00e9\u00e2tre d'objets : Dieu, \u00c9rasme et moi - Erasmus House\",\"isPartOf\":{\"@id\":\"https:\\\/\\\/www.erasmushouse.museum\\\/en\\\/#website\"},\"datePublished\":\"2020-03-10T16:28:26+00:00\",\"dateModified\":\"2020-06-26T08:22:06+00:00\",\"breadcrumb\":{\"@id\":\"https:\\\/\\\/www.erasmushouse.museum\\\/en\\\/theatre-dobjets-dieu-erasme-et-moi\\\/#breadcrumb\"},\"inLanguage\":\"en-US\",\"potentialAction\":[{\"@type\":\"ReadAction\",\"target\":[\"https:\\\/\\\/www.erasmushouse.museum\\\/en\\\/theatre-dobjets-dieu-erasme-et-moi\\\/\"]}]},{\"@type\":\"BreadcrumbList\",\"@id\":\"https:\\\/\\\/www.erasmushouse.museum\\\/en\\\/theatre-dobjets-dieu-erasme-et-moi\\\/#breadcrumb\",\"itemListElement\":[{\"@type\":\"ListItem\",\"position\":1,\"name\":\"Home\",\"item\":\"https:\\\/\\\/www.erasmushouse.museum\\\/en\\\/\"},{\"@type\":\"ListItem\",\"position\":2,\"name\":\"Th\u00e9\u00e2tre d&#8217;objets : Dieu, \u00c9rasme et moi\"}]},{\"@type\":\"WebSite\",\"@id\":\"https:\\\/\\\/www.erasmushouse.museum\\\/en\\\/#website\",\"url\":\"https:\\\/\\\/www.erasmushouse.museum\\\/en\\\/\",\"name\":\"Erasmus House\",\"description\":\"Visitez une des plus anciennes maisons gothiques de Bruxelles\",\"potentialAction\":[{\"@type\":\"SearchAction\",\"target\":{\"@type\":\"EntryPoint\",\"urlTemplate\":\"https:\\\/\\\/www.erasmushouse.museum\\\/en\\\/?s={search_term_string}\"},\"query-input\":{\"@type\":\"PropertyValueSpecification\",\"valueRequired\":true,\"valueName\":\"search_term_string\"}}],\"inLanguage\":\"en-US\"}]}<\/script>\n<!-- \/ Yoast SEO plugin. -->","yoast_head_json":{"title":"Th\u00e9\u00e2tre d'objets : Dieu, \u00c9rasme et moi - Erasmus House","robots":{"index":"index","follow":"follow","max-snippet":"max-snippet:-1","max-image-preview":"max-image-preview:large","max-video-preview":"max-video-preview:-1"},"canonical":"https:\/\/www.erasmushouse.museum\/en\/theatre-dobjets-dieu-erasme-et-moi\/","og_locale":"en_US","og_type":"article","og_title":"Th\u00e9\u00e2tre d'objets : Dieu, \u00c9rasme et moi - Erasmus House","og_description":"[&hellip;]","og_url":"https:\/\/www.erasmushouse.museum\/en\/theatre-dobjets-dieu-erasme-et-moi\/","og_site_name":"Erasmus House","article_modified_time":"2020-06-26T08:22:06+00:00","twitter_card":"summary_large_image","twitter_misc":{"Est. reading time":"4 minutes"},"schema":{"@context":"https:\/\/schema.org","@graph":[{"@type":"WebPage","@id":"https:\/\/www.erasmushouse.museum\/en\/theatre-dobjets-dieu-erasme-et-moi\/","url":"https:\/\/www.erasmushouse.museum\/en\/theatre-dobjets-dieu-erasme-et-moi\/","name":"Th\u00e9\u00e2tre d'objets : Dieu, \u00c9rasme et moi - Erasmus House","isPartOf":{"@id":"https:\/\/www.erasmushouse.museum\/en\/#website"},"datePublished":"2020-03-10T16:28:26+00:00","dateModified":"2020-06-26T08:22:06+00:00","breadcrumb":{"@id":"https:\/\/www.erasmushouse.museum\/en\/theatre-dobjets-dieu-erasme-et-moi\/#breadcrumb"},"inLanguage":"en-US","potentialAction":[{"@type":"ReadAction","target":["https:\/\/www.erasmushouse.museum\/en\/theatre-dobjets-dieu-erasme-et-moi\/"]}]},{"@type":"BreadcrumbList","@id":"https:\/\/www.erasmushouse.museum\/en\/theatre-dobjets-dieu-erasme-et-moi\/#breadcrumb","itemListElement":[{"@type":"ListItem","position":1,"name":"Home","item":"https:\/\/www.erasmushouse.museum\/en\/"},{"@type":"ListItem","position":2,"name":"Th\u00e9\u00e2tre d&#8217;objets : Dieu, \u00c9rasme et moi"}]},{"@type":"WebSite","@id":"https:\/\/www.erasmushouse.museum\/en\/#website","url":"https:\/\/www.erasmushouse.museum\/en\/","name":"Erasmus House","description":"Visitez une des plus anciennes maisons gothiques de Bruxelles","potentialAction":[{"@type":"SearchAction","target":{"@type":"EntryPoint","urlTemplate":"https:\/\/www.erasmushouse.museum\/en\/?s={search_term_string}"},"query-input":{"@type":"PropertyValueSpecification","valueRequired":true,"valueName":"search_term_string"}}],"inLanguage":"en-US"}]}},"_links":{"self":[{"href":"https:\/\/www.erasmushouse.museum\/en\/wp-json\/wp\/v2\/pages\/7455","targetHints":{"allow":["GET"]}}],"collection":[{"href":"https:\/\/www.erasmushouse.museum\/en\/wp-json\/wp\/v2\/pages"}],"about":[{"href":"https:\/\/www.erasmushouse.museum\/en\/wp-json\/wp\/v2\/types\/page"}],"author":[{"embeddable":true,"href":"https:\/\/www.erasmushouse.museum\/en\/wp-json\/wp\/v2\/users\/1"}],"replies":[{"embeddable":true,"href":"https:\/\/www.erasmushouse.museum\/en\/wp-json\/wp\/v2\/comments?post=7455"}],"version-history":[{"count":3,"href":"https:\/\/www.erasmushouse.museum\/en\/wp-json\/wp\/v2\/pages\/7455\/revisions"}],"predecessor-version":[{"id":8436,"href":"https:\/\/www.erasmushouse.museum\/en\/wp-json\/wp\/v2\/pages\/7455\/revisions\/8436"}],"wp:attachment":[{"href":"https:\/\/www.erasmushouse.museum\/en\/wp-json\/wp\/v2\/media?parent=7455"}],"curies":[{"name":"wp","href":"https:\/\/api.w.org\/{rel}","templated":true}]}}