{"id":7420,"date":"2020-01-08T23:01:30","date_gmt":"2020-01-08T22:01:30","guid":{"rendered":"https:\/\/erasmushouse.museum\/schools\/atelier-le-jardin-du-guerisseur\/"},"modified":"2020-06-26T10:24:19","modified_gmt":"2020-06-26T08:24:19","slug":"atelier-le-jardin-du-guerisseur","status":"publish","type":"page","link":"https:\/\/www.erasmushouse.museum\/en\/atelier-le-jardin-du-guerisseur\/","title":{"rendered":"Atelier : \u00a0Le jardin du gu\u00e9risseur\u00a0"},"content":{"rendered":"<div class=\"wpb-content-wrapper\"><p>[vc_row content_placement=&#8221;top&#8221; css=&#8221;.vc_custom_1588684507187{padding-bottom: 5% !important;}&#8221;][vc_column offset=&#8221;vc_col-xs-12&#8243;][vc_row_inner][vc_column_inner offset=&#8221;vc_hidden-lg vc_hidden-md vc_col-xs-12&#8243;][vc_empty_space height=&#8221;60px&#8221;][\/vc_column_inner][\/vc_row_inner][vc_row_inner css=&#8221;.vc_custom_1588684527657{padding-top: 10% !important;padding-bottom: 5% !important;}&#8221;][vc_column_inner offset=&#8221;vc_col-xs-12&#8243;][vc_column_text]<\/p>\n<h1 style=\"text-align: center;\">Le jardin du gu\u00e9risseur<\/h1>\n<h3 style=\"text-align: center;\">Atelier<\/h3>\n<p>[\/vc_column_text][\/vc_column_inner][\/vc_row_inner][vc_row_inner row_content_width=&#8221;grid&#8221; content_text_aligment=&#8221;left&#8221;][vc_column_inner width=&#8221;1\/6&#8243;][\/vc_column_inner][vc_column_inner width=&#8221;2\/3&#8243; offset=&#8221;vc_col-xs-12&#8243;][vc_column_text][\/vc_column_text][vc_empty_space height=&#8221;40px&#8221;][\/vc_column_inner][vc_column_inner width=&#8221;1\/6&#8243;][\/vc_column_inner][\/vc_row_inner][vc_row_inner row_content_width=&#8221;grid&#8221; content_text_aligment=&#8221;center&#8221;][vc_column_inner width=&#8221;1\/6&#8243;][\/vc_column_inner][vc_column_inner width=&#8221;2\/3&#8243; offset=&#8221;vc_col-xs-12&#8243;][vc_single_image image=&#8221;5415&#8243; img_size=&#8221;full&#8221; alignment=&#8221;center&#8221;][\/vc_column_inner][vc_column_inner width=&#8221;1\/6&#8243;][\/vc_column_inner][\/vc_row_inner][vc_row_inner row_content_width=&#8221;grid&#8221; content_text_aligment=&#8221;center&#8221;][vc_column_inner width=&#8221;1\/6&#8243;][\/vc_column_inner][vc_column_inner width=&#8221;1\/3&#8243; offset=&#8221;vc_col-xs-12&#8243;][vc_empty_space height=&#8221;40px&#8221;][\/vc_column_inner][vc_column_inner width=&#8221;1\/2&#8243; css=&#8221;.vc_custom_1588687924212{margin-top: -100px !important;margin-right: 12% !important;padding-top: 10% !important;padding-right: 10% !important;padding-bottom: 10% !important;padding-left: 10% !important;background-color: #ffffff !important;}&#8221; offset=&#8221;vc_hidden-sm vc_col-xs-12 vc_hidden-xs&#8221;][vc_empty_space height=&#8221;20px&#8221;][vc_column_text]<\/p>\n<p class=\"p1\" style=\"text-align: left;\"><span class=\"gmail_default\">\u200b<\/span>Revivez avec vos \u00e9l\u00e8ves l\u2019usage ancestral des plantes m\u00e9dicinales ! Les \u00e9l\u00e8ves explorent le jardin de la Maison d\u2019\u00c9rasme, se familiarisent avec certaines esp\u00e8ces courantes telles le thym, la camomille ou la lavande. Ils r\u00e9alisent ensuite une pommade et u<span class=\"gmail_default\">\u200b\u200b<\/span>n sirop.<\/p>\n<p style=\"text-align: left;\">Lors de ces activit\u00e9s, l\u2019accent est mis sur l\u2019histoire des plantes et en particulier leur utilisation au Moyen \u00c2ge et \u00e0 la Renaissance.<\/p>\n<p>[\/vc_column_text][vc_empty_space height=&#8221;20px&#8221;][\/vc_column_inner][\/vc_row_inner][vc_row_inner content_text_aligment=&#8221;center&#8221; css=&#8221;.vc_custom_1578955746095{margin-top: -40px !important;}&#8221;][vc_column_inner offset=&#8221;vc_hidden-lg vc_hidden-md vc_col-xs-12&#8243;][vc_empty_space height=&#8221;40px&#8221;][vc_column_text]<span class=\"gmail_default\">\u200b<\/span>Lors de ces activit\u00e9s, l\u2019accent est mis sur l\u2019histoire des plantes et en particulier leur utilisation au Moyen \u00c2ge et \u00e0 la Renaissance.[\/vc_column_text][vc_empty_space height=&#8221;40px&#8221;][\/vc_column_inner][\/vc_row_inner][vc_row_inner content_placement=&#8221;top&#8221; row_content_width=&#8221;grid&#8221; css=&#8221;.vc_custom_1578521943992{margin-top: 60px !important;}&#8221;][vc_column_inner width=&#8221;1\/6&#8243;][\/vc_column_inner][vc_column_inner width=&#8221;1\/3&#8243;][vc_column_text css=&#8221;.vc_custom_1587017477335{padding-right: 5% !important;padding-left: 10% !important;}&#8221;]<\/p>\n<h5><strong>Pour les \u00e9l\u00e8ves de la 4e \u00e0 la 6e primaire<\/strong><br \/>\nDe mi-avril \u00e0 fin octobre<br \/>\nDur\u00e9e 3 h<\/h5>\n<h5><strong>Tarif<\/strong><br \/>\n100 \u20ac \/ classe<\/h5>\n<p>[\/vc_column_text][\/vc_column_inner][vc_column_inner width=&#8221;1\/3&#8243;][vc_column_text css=&#8221;.vc_custom_1587036220057{padding-right: 5% !important;padding-left: 10% !important;}&#8221;]<\/p>\n<h5 style=\"text-align: left;\"><strong>Info et r\u00e9servations<\/strong><\/h5>\n<h5 style=\"text-align: left;\">+ 32 2 521 13 83<br \/>\n<a href=\"mailto:info@erasmushouse.museum\">info@erasmushouse.museum<\/a><\/h5>\n<h5 style=\"text-align: left;\"><a href=\"\/wp-content\/uploads\/2020\/04\/ERASME-DEPLIANT-GUERISSEUR_revu_web.pdf\">T\u00e9l\u00e9charger la brochure<\/a><br \/>\n<a href=\"\/le-jardin-du-guerisseur-dossier\/\">T\u00e9l\u00e9charger le dossier<\/a><\/h5>\n<p>[\/vc_column_text][\/vc_column_inner][vc_column_inner width=&#8221;1\/6&#8243;][\/vc_column_inner][\/vc_row_inner][\/vc_column][\/vc_row][vc_row content_text_aligment=&#8221;center&#8221;][vc_column][vc_row_inner content_placement=&#8221;top&#8221; gap=&#8221;1&#8243; row_content_width=&#8221;grid&#8221; content_text_aligment=&#8221;center&#8221;][vc_column_inner css=&#8221;.vc_custom_1578954745602{border-right-width: 0px !important;border-bottom-width: 0px !important;border-left-width: 0px !important;padding-right: 10% !important;padding-left: 10% !important;border-left-color: #d8d8d8 !important;border-left-style: solid !important;border-right-color: #d8d8d8 !important;border-right-style: solid !important;border-bottom-color: #d8d8d8 !important;border-bottom-style: solid !important;}&#8221; offset=&#8221;vc_hidden-lg vc_hidden-md&#8221;][vc_empty_space height=&#8221;40px&#8221;][vc_column_text]<\/p>\n<h2>Enseignement primaire<\/h2>\n<p>[\/vc_column_text][vc_single_image image=&#8221;4903&#8243; img_size=&#8221;full&#8221; alignment=&#8221;center&#8221; css=&#8221;.vc_custom_1578954461311{margin-top: 20px !important;margin-bottom: 40px !important;}&#8221;][vc_wp_custommenu nav_menu=&#8221;38&#8243;][vc_empty_space height=&#8221;40px&#8221;][\/vc_column_inner][\/vc_row_inner][vc_row_inner content_placement=&#8221;top&#8221; gap=&#8221;1&#8243; row_content_width=&#8221;grid&#8221; content_text_aligment=&#8221;center&#8221; css=&#8221;.vc_custom_1578954441098{padding-top: 5% !important;padding-bottom: 5% !important;}&#8221;][vc_column_inner width=&#8221;1\/2&#8243; css=&#8221;.vc_custom_1578954650178{border-top-width: 0px !important;border-right-width: 1px !important;border-bottom-width: 0px !important;border-left-width: 0px !important;padding-right: 10% !important;padding-left: 10% !important;border-left-color: #d8d8d8 !important;border-left-style: solid !important;border-right-color: #d8d8d8 !important;border-right-style: solid !important;border-top-color: #d8d8d8 !important;border-top-style: solid !important;border-bottom-color: #d8d8d8 !important;border-bottom-style: solid !important;}&#8221; offset=&#8221;vc_hidden-sm vc_hidden-xs&#8221;][vc_column_text]<\/p>\n<h2>Enseignement primaire<\/h2>\n<p>[\/vc_column_text][vc_single_image image=&#8221;4903&#8243; img_size=&#8221;full&#8221; alignment=&#8221;center&#8221; css=&#8221;.vc_custom_1578954461311{margin-top: 20px !important;margin-bottom: 40px !important;}&#8221;][vc_wp_custommenu nav_menu=&#8221;38&#8243;][\/vc_column_inner][vc_column_inner width=&#8221;1\/2&#8243; css=&#8221;.vc_custom_1576513299643{border-top-width: 0px !important;border-right-width: 0px !important;border-bottom-width: 0px !important;border-left-width: 0px !important;padding-right: 10% !important;padding-left: 10% !important;}&#8221;][vc_column_text]<\/p>\n<h2>Enseignement secondaire et sup\u00e9rieur<\/h2>\n<p>[\/vc_column_text][vc_single_image image=&#8221;4903&#8243; img_size=&#8221;full&#8221; alignment=&#8221;center&#8221; css=&#8221;.vc_custom_1578954467550{margin-top: 20px !important;margin-bottom: 40px !important;}&#8221;][vc_wp_custommenu nav_menu=&#8221;37&#8243;][\/vc_column_inner][\/vc_row_inner][\/vc_column][\/vc_row]<\/p>\n<\/div>","protected":false},"excerpt":{"rendered":"<p> [&hellip;]<\/p>\n","protected":false},"author":1,"featured_media":0,"parent":0,"menu_order":0,"comment_status":"closed","ping_status":"closed","template":"full-width.php","meta":{"_acf_changed":false,"footnotes":""},"class_list":["post-7420","page","type-page","status-publish","hentry"],"acf":[],"yoast_head":"<!-- This site is optimized with the Yoast SEO plugin v27.4 - https:\/\/yoast.com\/product\/yoast-seo-wordpress\/ -->\n<title>Atelier : \u00a0Le jardin du gu\u00e9risseur\u00a0 - Erasmus House<\/title>\n<meta name=\"robots\" content=\"index, follow, max-snippet:-1, max-image-preview:large, max-video-preview:-1\" \/>\n<link rel=\"canonical\" href=\"https:\/\/www.erasmushouse.museum\/en\/atelier-le-jardin-du-guerisseur\/\" \/>\n<meta property=\"og:locale\" content=\"en_US\" \/>\n<meta property=\"og:type\" content=\"article\" \/>\n<meta property=\"og:title\" content=\"Atelier : \u00a0Le jardin du gu\u00e9risseur\u00a0 - Erasmus House\" \/>\n<meta property=\"og:description\" content=\"[&hellip;]\" \/>\n<meta property=\"og:url\" content=\"https:\/\/www.erasmushouse.museum\/en\/atelier-le-jardin-du-guerisseur\/\" \/>\n<meta property=\"og:site_name\" content=\"Erasmus House\" \/>\n<meta property=\"article:modified_time\" content=\"2020-06-26T08:24:19+00:00\" \/>\n<meta name=\"twitter:card\" content=\"summary_large_image\" \/>\n<meta name=\"twitter:label1\" content=\"Est. reading time\" \/>\n\t<meta name=\"twitter:data1\" content=\"4 minutes\" \/>\n<script type=\"application\/ld+json\" class=\"yoast-schema-graph\">{\"@context\":\"https:\\\/\\\/schema.org\",\"@graph\":[{\"@type\":\"WebPage\",\"@id\":\"https:\\\/\\\/www.erasmushouse.museum\\\/en\\\/atelier-le-jardin-du-guerisseur\\\/\",\"url\":\"https:\\\/\\\/www.erasmushouse.museum\\\/en\\\/atelier-le-jardin-du-guerisseur\\\/\",\"name\":\"Atelier : \u00a0Le jardin du gu\u00e9risseur\u00a0 - Erasmus House\",\"isPartOf\":{\"@id\":\"https:\\\/\\\/erasmushouse.museum\\\/nl\\\/#website\"},\"datePublished\":\"2020-01-08T22:01:30+00:00\",\"dateModified\":\"2020-06-26T08:24:19+00:00\",\"breadcrumb\":{\"@id\":\"https:\\\/\\\/www.erasmushouse.museum\\\/en\\\/atelier-le-jardin-du-guerisseur\\\/#breadcrumb\"},\"inLanguage\":\"en-US\",\"potentialAction\":[{\"@type\":\"ReadAction\",\"target\":[\"https:\\\/\\\/www.erasmushouse.museum\\\/en\\\/atelier-le-jardin-du-guerisseur\\\/\"]}]},{\"@type\":\"BreadcrumbList\",\"@id\":\"https:\\\/\\\/www.erasmushouse.museum\\\/en\\\/atelier-le-jardin-du-guerisseur\\\/#breadcrumb\",\"itemListElement\":[{\"@type\":\"ListItem\",\"position\":1,\"name\":\"Home\",\"item\":\"https:\\\/\\\/erasmushouse.museum\\\/en\\\/\"},{\"@type\":\"ListItem\",\"position\":2,\"name\":\"Atelier : \u00a0Le jardin du gu\u00e9risseur\u00a0\"}]},{\"@type\":\"WebSite\",\"@id\":\"https:\\\/\\\/erasmushouse.museum\\\/nl\\\/#website\",\"url\":\"https:\\\/\\\/erasmushouse.museum\\\/nl\\\/\",\"name\":\"Erasmus House\",\"description\":\"Visitez une des plus anciennes maisons gothiques de Bruxelles\",\"potentialAction\":[{\"@type\":\"SearchAction\",\"target\":{\"@type\":\"EntryPoint\",\"urlTemplate\":\"https:\\\/\\\/erasmushouse.museum\\\/nl\\\/?s={search_term_string}\"},\"query-input\":{\"@type\":\"PropertyValueSpecification\",\"valueRequired\":true,\"valueName\":\"search_term_string\"}}],\"inLanguage\":\"en-US\"}]}<\/script>\n<!-- \/ Yoast SEO plugin. -->","yoast_head_json":{"title":"Atelier : \u00a0Le jardin du gu\u00e9risseur\u00a0 - Erasmus House","robots":{"index":"index","follow":"follow","max-snippet":"max-snippet:-1","max-image-preview":"max-image-preview:large","max-video-preview":"max-video-preview:-1"},"canonical":"https:\/\/www.erasmushouse.museum\/en\/atelier-le-jardin-du-guerisseur\/","og_locale":"en_US","og_type":"article","og_title":"Atelier : \u00a0Le jardin du gu\u00e9risseur\u00a0 - Erasmus House","og_description":"[&hellip;]","og_url":"https:\/\/www.erasmushouse.museum\/en\/atelier-le-jardin-du-guerisseur\/","og_site_name":"Erasmus House","article_modified_time":"2020-06-26T08:24:19+00:00","twitter_card":"summary_large_image","twitter_misc":{"Est. reading time":"4 minutes"},"schema":{"@context":"https:\/\/schema.org","@graph":[{"@type":"WebPage","@id":"https:\/\/www.erasmushouse.museum\/en\/atelier-le-jardin-du-guerisseur\/","url":"https:\/\/www.erasmushouse.museum\/en\/atelier-le-jardin-du-guerisseur\/","name":"Atelier : \u00a0Le jardin du gu\u00e9risseur\u00a0 - Erasmus House","isPartOf":{"@id":"https:\/\/erasmushouse.museum\/nl\/#website"},"datePublished":"2020-01-08T22:01:30+00:00","dateModified":"2020-06-26T08:24:19+00:00","breadcrumb":{"@id":"https:\/\/www.erasmushouse.museum\/en\/atelier-le-jardin-du-guerisseur\/#breadcrumb"},"inLanguage":"en-US","potentialAction":[{"@type":"ReadAction","target":["https:\/\/www.erasmushouse.museum\/en\/atelier-le-jardin-du-guerisseur\/"]}]},{"@type":"BreadcrumbList","@id":"https:\/\/www.erasmushouse.museum\/en\/atelier-le-jardin-du-guerisseur\/#breadcrumb","itemListElement":[{"@type":"ListItem","position":1,"name":"Home","item":"https:\/\/erasmushouse.museum\/en\/"},{"@type":"ListItem","position":2,"name":"Atelier : \u00a0Le jardin du gu\u00e9risseur\u00a0"}]},{"@type":"WebSite","@id":"https:\/\/erasmushouse.museum\/nl\/#website","url":"https:\/\/erasmushouse.museum\/nl\/","name":"Erasmus House","description":"Visitez une des plus anciennes maisons gothiques de Bruxelles","potentialAction":[{"@type":"SearchAction","target":{"@type":"EntryPoint","urlTemplate":"https:\/\/erasmushouse.museum\/nl\/?s={search_term_string}"},"query-input":{"@type":"PropertyValueSpecification","valueRequired":true,"valueName":"search_term_string"}}],"inLanguage":"en-US"}]}},"_links":{"self":[{"href":"https:\/\/www.erasmushouse.museum\/en\/wp-json\/wp\/v2\/pages\/7420","targetHints":{"allow":["GET"]}}],"collection":[{"href":"https:\/\/www.erasmushouse.museum\/en\/wp-json\/wp\/v2\/pages"}],"about":[{"href":"https:\/\/www.erasmushouse.museum\/en\/wp-json\/wp\/v2\/types\/page"}],"author":[{"embeddable":true,"href":"https:\/\/www.erasmushouse.museum\/en\/wp-json\/wp\/v2\/users\/1"}],"replies":[{"embeddable":true,"href":"https:\/\/www.erasmushouse.museum\/en\/wp-json\/wp\/v2\/comments?post=7420"}],"version-history":[{"count":2,"href":"https:\/\/www.erasmushouse.museum\/en\/wp-json\/wp\/v2\/pages\/7420\/revisions"}],"predecessor-version":[{"id":8438,"href":"https:\/\/www.erasmushouse.museum\/en\/wp-json\/wp\/v2\/pages\/7420\/revisions\/8438"}],"wp:attachment":[{"href":"https:\/\/www.erasmushouse.museum\/en\/wp-json\/wp\/v2\/media?parent=7420"}],"curies":[{"name":"wp","href":"https:\/\/api.w.org\/{rel}","templated":true}]}}