{"id":7405,"date":"2020-04-07T13:10:16","date_gmt":"2020-04-07T11:10:16","guid":{"rendered":"https:\/\/erasmushouse.museum\/publications\/les-dernieres-publications\/"},"modified":"2021-09-29T14:07:23","modified_gmt":"2021-09-29T12:07:23","slug":"latest-publications","status":"publish","type":"page","link":"https:\/\/www.erasmushouse.museum\/en\/publications\/latest-publications\/","title":{"rendered":"Latest Publications"},"content":{"rendered":"<div class=\"wpb-content-wrapper\"><p>[vc_row full_width=&#8221;stretch_row&#8221; parallax=&#8221;content-moving&#8221; css=&#8221;.vc_custom_1581514232913{margin-top: -80px !important;margin-bottom: -80px !important;background-image: url(https:\/\/erasmushouse.museum\/wp-content\/uploads\/2020\/02\/IMG_4807.jpg?id=5418) !important;background-position: center;background-repeat: no-repeat;background-size: cover !important;}&#8221;][vc_column][vc_empty_space height=&#8221;430px&#8221;][vc_row_inner][vc_column_inner offset=&#8221;vc_hidden-sm vc_hidden-xs&#8221;][vc_empty_space height=&#8221;150px&#8221;][\/vc_column_inner][\/vc_row_inner][\/vc_column][\/vc_row][vc_row row_content_width=&#8221;grid&#8221; content_text_aligment=&#8221;center&#8221; css=&#8221;.vc_custom_1578958930491{margin-top: -120px !important;}&#8221;][vc_column width=&#8221;1\/6&#8243;][\/vc_column][vc_column width=&#8221;2\/3&#8243;][vc_column_text css=&#8221;.vc_custom_1590136384329{padding-top: 10% !important;padding-right: 10% !important;padding-bottom: 10% !important;padding-left: 10% !important;background-color: #ffffff !important;}&#8221;]<\/p>\n<div title=\"Page 1\">\n<h1>Latest Publications<\/h1>\n<\/div>\n<h3><\/h3>\n<p>[\/vc_column_text][vc_single_image image=&#8221;3931&#8243; img_size=&#8221;full&#8221; alignment=&#8221;center&#8221; css=&#8221;.vc_custom_1576503716795{margin-top: -25px !important;}&#8221;][\/vc_column][vc_column width=&#8221;1\/6&#8243;][\/vc_column][\/vc_row][vc_row gap=&#8221;30&#8243; equal_height=&#8221;yes&#8221; content_placement=&#8221;top&#8221; row_content_width=&#8221;grid&#8221; content_text_aligment=&#8221;center&#8221;][vc_column css=&#8221;.vc_custom_1578703630632{padding-right: 7% !important;padding-left: 7% !important;}&#8221; offset=&#8221;vc_col-xs-12&#8243;][vc_empty_space height=&#8221;40&#8243;][vc_row_inner][vc_column_inner]<div class=\"qodef-portfolio-list-holder qodef-grid-list qodef-pl-gallery qodef-three-columns qodef-enormous-space qodef-disable-bottom-space qodef-pl-standard-switch-images    qodef-pl-pag-no-pagination qodef-pl-has-filter    \"  data-type=gallery data-number-of-columns=three data-space-between-items=enormous data-number-of-items=-1 data-image-proportions=full data-enable-fixed-proportions=no data-enable-image-shadow=no data-orderby=date data-order=DESC data-item-style=standard-switch-images data-enable-title=yes data-title-tag=h2 data-enable-category=yes data-enable-count-images=yes data-enable-excerpt=no data-excerpt-length=20 data-pagination-type=no-pagination data-filter=yes data-filter-order-by=name data-enable-article-animation=no data-portfolio-slider-on=no data-enable-loop=yes data-enable-autoplay=yes data-slider-speed=5000 data-slider-speed-animation=600 data-enable-navigation=yes data-enable-pagination=yes data-max-num-pages=0 data-next-page=2>\n\t\t<div class=\"qodef-pl-filter-holder\" >\n\t\t<div class=\"qodef-plf-inner\">\n\t\t\t\t\t<\/div>\n\t<\/div>\n\t<div class=\"qodef-pl-inner qodef-outer-space  clearfix\">\n\t\t<article class=\"qodef-pl-item qodef-item-space qodef-pl-no-switch-image  post-23982 portfolio-item type-portfolio-item status-publish has-post-thumbnail hentry portfolio-tag-an-inclusive-look-at-the-16th-century portfolio-tag-augmented-reality-en portfolio-tag-visitors-guide\">\n\t<div class=\"qodef-pl-item-inner\">\n\t\t<div class=\"qodef-pli-image\">\n\t\t\t<img loading=\"lazy\" decoding=\"async\" width=\"2186\" height=\"2166\" src=\"https:\/\/www.erasmushouse.museum\/wp-content\/uploads\/2025\/12\/IMG_20251204_110237-2.jpg\" class=\"attachment-full size-full wp-post-image\" alt=\"\" srcset=\"https:\/\/www.erasmushouse.museum\/wp-content\/uploads\/2025\/12\/IMG_20251204_110237-2.jpg 2186w, https:\/\/www.erasmushouse.museum\/wp-content\/uploads\/2025\/12\/IMG_20251204_110237-2-600x595.jpg 600w, https:\/\/www.erasmushouse.museum\/wp-content\/uploads\/2025\/12\/IMG_20251204_110237-2-969x960.jpg 969w, https:\/\/www.erasmushouse.museum\/wp-content\/uploads\/2025\/12\/IMG_20251204_110237-2-150x150.jpg 150w, https:\/\/www.erasmushouse.museum\/wp-content\/uploads\/2025\/12\/IMG_20251204_110237-2-768x761.jpg 768w, https:\/\/www.erasmushouse.museum\/wp-content\/uploads\/2025\/12\/IMG_20251204_110237-2-1536x1522.jpg 1536w\" sizes=\"auto, (max-width: 2186px) 100vw, 2186px\" \/>\t\n    <\/div>\n<div class=\"qodef-pli-text-holder\" >\n\t<div class=\"qodef-pli-text-wrapper\">\n\t\t<div class=\"qodef-pli-text\">\n\t\t\t\t<h2 itemprop=\"name\" class=\"qodef-pli-title entry-title\" >\n\t\tThe Anderlecht Beguinage &#8211; Architecture and History\t<\/h2>\n\t\t\t\n\t\t\t\n\t\t\t\t\t\t\n\t\t\t\t\t<\/div>\n\t<\/div>\n<\/div>\n\t\t<a itemprop=\"url\" class=\"qodef-pli-link qodef-block-drag-link\" href=\"https:\/\/www.erasmushouse.museum\/en\/publication\/the-anderlecht-beguinage\/\" target=\"_self\"><\/a>\n\t<\/div>\n<\/article><article class=\"qodef-pl-item qodef-item-space qodef-pl-no-switch-image  post-16110 portfolio-item type-portfolio-item status-publish has-post-thumbnail hentry portfolio-tag-an-inclusive-look-at-the-16th-century portfolio-tag-augmented-reality-en portfolio-tag-visitors-guide\">\n\t<div class=\"qodef-pl-item-inner\">\n\t\t<div class=\"qodef-pli-image\">\n\t\t\t<img loading=\"lazy\" decoding=\"async\" width=\"886\" height=\"1181\" src=\"https:\/\/www.erasmushouse.museum\/wp-content\/uploads\/2022\/03\/Erasme_Regard-inclusif_EN_web@Azam_Masoumzadeh.jpg\" class=\"attachment-full size-full wp-post-image\" alt=\"An inclusive look at the 16th century\" srcset=\"https:\/\/www.erasmushouse.museum\/wp-content\/uploads\/2022\/03\/Erasme_Regard-inclusif_EN_web@Azam_Masoumzadeh.jpg 886w, https:\/\/www.erasmushouse.museum\/wp-content\/uploads\/2022\/03\/Erasme_Regard-inclusif_EN_web@Azam_Masoumzadeh-450x600.jpg 450w, https:\/\/www.erasmushouse.museum\/wp-content\/uploads\/2022\/03\/Erasme_Regard-inclusif_EN_web@Azam_Masoumzadeh-720x960.jpg 720w, https:\/\/www.erasmushouse.museum\/wp-content\/uploads\/2022\/03\/Erasme_Regard-inclusif_EN_web@Azam_Masoumzadeh-768x1024.jpg 768w\" sizes=\"auto, (max-width: 886px) 100vw, 886px\" \/>\t\n    <\/div>\n<div class=\"qodef-pli-text-holder\" >\n\t<div class=\"qodef-pli-text-wrapper\">\n\t\t<div class=\"qodef-pli-text\">\n\t\t\t\t<h2 itemprop=\"name\" class=\"qodef-pli-title entry-title\" >\n\t\tVisitor&#8217;s guide \/ An inclusive look at the 16th century\t<\/h2>\n\t\t\t\n\t\t\t\n\t\t\t\t\t\t\n\t\t\t\t\t<\/div>\n\t<\/div>\n<\/div>\n\t\t<a itemprop=\"url\" class=\"qodef-pli-link qodef-block-drag-link\" href=\"https:\/\/www.erasmushouse.museum\/en\/publication\/visitors-guide-an-inclusive-look-at-the-16th-century\/\" target=\"_self\"><\/a>\n\t<\/div>\n<\/article><article class=\"qodef-pl-item qodef-item-space qodef-pl-no-switch-image  post-9056 portfolio-item type-portfolio-item status-publish has-post-thumbnail hentry portfolio-tag-publications-en\">\n\t<div class=\"qodef-pl-item-inner\">\n\t\t<div class=\"qodef-pli-image\">\n\t\t\t<img loading=\"lazy\" decoding=\"async\" width=\"1797\" height=\"2560\" src=\"https:\/\/www.erasmushouse.museum\/wp-content\/uploads\/2020\/08\/Erasme_Eillen_PourAccord_HD_Page_01-testSite-scaled.jpg\" class=\"attachment-full size-full wp-post-image\" alt=\"\" srcset=\"https:\/\/www.erasmushouse.museum\/wp-content\/uploads\/2020\/08\/Erasme_Eillen_PourAccord_HD_Page_01-testSite-scaled.jpg 1797w, https:\/\/www.erasmushouse.museum\/wp-content\/uploads\/2020\/08\/Erasme_Eillen_PourAccord_HD_Page_01-testSite-421x600.jpg 421w, https:\/\/www.erasmushouse.museum\/wp-content\/uploads\/2020\/08\/Erasme_Eillen_PourAccord_HD_Page_01-testSite-674x960.jpg 674w, https:\/\/www.erasmushouse.museum\/wp-content\/uploads\/2020\/08\/Erasme_Eillen_PourAccord_HD_Page_01-testSite-768x1094.jpg 768w, https:\/\/www.erasmushouse.museum\/wp-content\/uploads\/2020\/08\/Erasme_Eillen_PourAccord_HD_Page_01-testSite-1078x1536.jpg 1078w, https:\/\/www.erasmushouse.museum\/wp-content\/uploads\/2020\/08\/Erasme_Eillen_PourAccord_HD_Page_01-testSite-1438x2048.jpg 1438w\" sizes=\"auto, (max-width: 1797px) 100vw, 1797px\" \/>\t\n    <\/div>\n<div class=\"qodef-pli-text-holder\" >\n\t<div class=\"qodef-pli-text-wrapper\">\n\t\t<div class=\"qodef-pli-text\">\n\t\t\t\t<h2 itemprop=\"name\" class=\"qodef-pli-title entry-title\" >\n\t\tExhibition catalogue\t<\/h2>\n\t\t\t\n\t\t\t\n\t\t\t\t\t\t\n\t\t\t\t\t<\/div>\n\t<\/div>\n<\/div>\n\t\t<a itemprop=\"url\" class=\"qodef-pli-link qodef-block-drag-link\" href=\"https:\/\/www.erasmushouse.museum\/en\/publication\/exhibition-catalogue\/\" target=\"_self\"><\/a>\n\t<\/div>\n<\/article><article class=\"qodef-pl-item qodef-item-space qodef-pl-no-switch-image  post-7494 portfolio-item type-portfolio-item status-publish has-post-thumbnail hentry portfolio-tag-publications-en\">\n\t<div class=\"qodef-pl-item-inner\">\n\t\t<div class=\"qodef-pli-image\">\n\t\t\t<img loading=\"lazy\" decoding=\"async\" width=\"872\" height=\"1232\" src=\"https:\/\/www.erasmushouse.museum\/wp-content\/uploads\/2020\/04\/Un-jardin-me\u0301dicinal_Cover.jpg\" class=\"attachment-full size-full wp-post-image\" alt=\"\" srcset=\"https:\/\/www.erasmushouse.museum\/wp-content\/uploads\/2020\/04\/Un-jardin-me\u0301dicinal_Cover.jpg 872w, https:\/\/www.erasmushouse.museum\/wp-content\/uploads\/2020\/04\/Un-jardin-me\u0301dicinal_Cover-425x600.jpg 425w, https:\/\/www.erasmushouse.museum\/wp-content\/uploads\/2020\/04\/Un-jardin-me\u0301dicinal_Cover-679x960.jpg 679w, https:\/\/www.erasmushouse.museum\/wp-content\/uploads\/2020\/04\/Un-jardin-me\u0301dicinal_Cover-768x1085.jpg 768w\" sizes=\"auto, (max-width: 872px) 100vw, 872px\" \/>\t\n    <\/div>\n<div class=\"qodef-pli-text-holder\" >\n\t<div class=\"qodef-pli-text-wrapper\">\n\t\t<div class=\"qodef-pli-text\">\n\t\t\t\t<h2 itemprop=\"name\" class=\"qodef-pli-title entry-title\" >\n\t\tUn jardin m\u00e9dicinal\t<\/h2>\n\t\t\t\n\t\t\t\n\t\t\t\t\t\t\n\t\t\t\t\t<\/div>\n\t<\/div>\n<\/div>\n\t\t<a itemprop=\"url\" class=\"qodef-pli-link qodef-block-drag-link\" href=\"https:\/\/www.erasmushouse.museum\/en\/publication\/un-jardin-medicinal\/\" target=\"_self\"><\/a>\n\t<\/div>\n<\/article><article class=\"qodef-pl-item qodef-item-space qodef-pl-no-switch-image  post-7499 portfolio-item type-portfolio-item status-publish has-post-thumbnail hentry portfolio-tag-publications-en\">\n\t<div class=\"qodef-pl-item-inner\">\n\t\t<div class=\"qodef-pli-image\">\n\t\t\t<img loading=\"lazy\" decoding=\"async\" width=\"1635\" height=\"2258\" src=\"https:\/\/www.erasmushouse.museum\/wp-content\/uploads\/2020\/12\/Classes-Patrimoine-carnet_cover-1.jpg\" class=\"attachment-full size-full wp-post-image\" alt=\"Erasme carnet des familles\" srcset=\"https:\/\/www.erasmushouse.museum\/wp-content\/uploads\/2020\/12\/Classes-Patrimoine-carnet_cover-1.jpg 1635w, https:\/\/www.erasmushouse.museum\/wp-content\/uploads\/2020\/12\/Classes-Patrimoine-carnet_cover-1-434x600.jpg 434w, https:\/\/www.erasmushouse.museum\/wp-content\/uploads\/2020\/12\/Classes-Patrimoine-carnet_cover-1-695x960.jpg 695w, https:\/\/www.erasmushouse.museum\/wp-content\/uploads\/2020\/12\/Classes-Patrimoine-carnet_cover-1-768x1061.jpg 768w, https:\/\/www.erasmushouse.museum\/wp-content\/uploads\/2020\/12\/Classes-Patrimoine-carnet_cover-1-1112x1536.jpg 1112w, https:\/\/www.erasmushouse.museum\/wp-content\/uploads\/2020\/12\/Classes-Patrimoine-carnet_cover-1-1483x2048.jpg 1483w\" sizes=\"auto, (max-width: 1635px) 100vw, 1635px\" \/>\t\n    <\/div>\n<div class=\"qodef-pli-text-holder\" >\n\t<div class=\"qodef-pli-text-wrapper\">\n\t\t<div class=\"qodef-pli-text\">\n\t\t\t\t<h2 itemprop=\"name\" class=\"qodef-pli-title entry-title\" >\n\t\t\u00c9rasme c\u00f4t\u00e9 jardin\t<\/h2>\n\t\t\t\n\t\t\t\n\t\t\t\t\t\t\n\t\t\t\t\t<\/div>\n\t<\/div>\n<\/div>\n\t\t<a itemprop=\"url\" class=\"qodef-pli-link qodef-block-drag-link\" href=\"https:\/\/www.erasmushouse.museum\/en\/publication\/erasme-cote-jardin\/\" target=\"_self\"><\/a>\n\t<\/div>\n<\/article><article class=\"qodef-pl-item qodef-item-space qodef-pl-no-switch-image  post-7505 portfolio-item type-portfolio-item status-publish has-post-thumbnail hentry portfolio-tag-publications-en\">\n\t<div class=\"qodef-pl-item-inner\">\n\t\t<div class=\"qodef-pli-image\">\n\t\t\t<img loading=\"lazy\" decoding=\"async\" width=\"879\" height=\"1177\" src=\"https:\/\/www.erasmushouse.museum\/wp-content\/uploads\/2019\/08\/EN_ErasmusHouse_VisitorsGuide_COVER.jpg\" class=\"attachment-full size-full wp-post-image\" alt=\"\" srcset=\"https:\/\/www.erasmushouse.museum\/wp-content\/uploads\/2019\/08\/EN_ErasmusHouse_VisitorsGuide_COVER.jpg 879w, https:\/\/www.erasmushouse.museum\/wp-content\/uploads\/2019\/08\/EN_ErasmusHouse_VisitorsGuide_COVER-448x600.jpg 448w, https:\/\/www.erasmushouse.museum\/wp-content\/uploads\/2019\/08\/EN_ErasmusHouse_VisitorsGuide_COVER-717x960.jpg 717w, https:\/\/www.erasmushouse.museum\/wp-content\/uploads\/2019\/08\/EN_ErasmusHouse_VisitorsGuide_COVER-768x1028.jpg 768w\" sizes=\"auto, (max-width: 879px) 100vw, 879px\" \/>\t\n    <\/div>\n<div class=\"qodef-pli-text-holder\" >\n\t<div class=\"qodef-pli-text-wrapper\">\n\t\t<div class=\"qodef-pli-text\">\n\t\t\t\t<h2 itemprop=\"name\" class=\"qodef-pli-title entry-title\" >\n\t\tVisitor&#8217;s guide\t<\/h2>\n\t\t\t\n\t\t\t\n\t\t\t\t\t\t\n\t\t\t\t\t<\/div>\n\t<\/div>\n<\/div>\n\t\t<a itemprop=\"url\" class=\"qodef-pli-link qodef-block-drag-link\" href=\"https:\/\/www.erasmushouse.museum\/en\/publication\/visitors-guide\/\" target=\"_self\"><\/a>\n\t<\/div>\n<\/article>\t<\/div>\n\t\n\t<\/div>[\/vc_column_inner][\/vc_row_inner][\/vc_column][\/vc_row][vc_row gap=&#8221;30&#8243; equal_height=&#8221;yes&#8221; content_placement=&#8221;top&#8221; row_content_width=&#8221;grid&#8221; content_text_aligment=&#8221;left&#8221;][vc_column css=&#8221;.vc_custom_1578703630632{padding-right: 7% !important;padding-left: 7% !important;}&#8221; offset=&#8221;vc_col-xs-12&#8243;][vc_empty_space height=&#8221;40&#8243;][\/vc_column][\/vc_row][vc_row content_text_aligment=&#8221;center&#8221; css=&#8221;.vc_custom_1586263128411{border-top-width: 1px !important;border-top-color: #ffffff !important;border-top-style: solid !important;border-radius: 1px !important;}&#8221;][vc_column][vc_row_inner content_placement=&#8221;top&#8221; gap=&#8221;1&#8243; row_content_width=&#8221;grid&#8221; content_text_aligment=&#8221;center&#8221;][vc_column_inner css=&#8221;.vc_custom_1578959071118{border-top-width: 0px !important;border-right-width: 0px !important;border-bottom-width: 0px !important;border-left-width: 0px !important;padding-right: 10% !important;padding-left: 10% !important;border-left-color: #d8d8d8 !important;border-left-style: solid !important;border-right-color: #d8d8d8 !important;border-right-style: solid !important;border-top-color: #d8d8d8 !important;border-top-style: solid !important;border-bottom-color: #d8d8d8 !important;border-bottom-style: solid !important;}&#8221; offset=&#8221;vc_hidden-lg vc_hidden-md&#8221;][vc_empty_space height=&#8221;20px&#8221;][vc_column_text]<\/p>\n<h2>NEWSLETTER<\/h2>\n<p>Subscribe to our monthly museum updates<\/p>\n<h3><a href=\"http:\/\/eepurl.com\/gXpxu5\">SUBSCRIPTION<\/a><\/h3>\n<p>[\/vc_column_text][vc_empty_space height=&#8221;20px&#8221;][\/vc_column_inner][\/vc_row_inner][vc_row_inner content_placement=&#8221;top&#8221; gap=&#8221;1&#8243; row_content_width=&#8221;grid&#8221; content_text_aligment=&#8221;center&#8221; css=&#8221;.vc_custom_1576513282206{padding-top: 5% !important;padding-bottom: 5% !important;}&#8221;][vc_column_inner width=&#8221;1\/2&#8243; css=&#8221;.vc_custom_1578959076035{border-top-width: 0px !important;border-right-width: 1px !important;border-bottom-width: 0px !important;border-left-width: 0px !important;padding-right: 10% !important;padding-left: 10% !important;border-left-color: #d8d8d8 !important;border-left-style: solid !important;border-right-color: #d8d8d8 !important;border-right-style: solid !important;border-top-color: #d8d8d8 !important;border-top-style: solid !important;border-bottom-color: #d8d8d8 !important;border-bottom-style: solid !important;}&#8221; offset=&#8221;vc_hidden-sm vc_hidden-xs&#8221;][vc_column_text]<\/p>\n<h2>NEWSLETTER<\/h2>\n<p>Subscribe to our monthly museum updates<\/p>\n<h3><a href=\"http:\/\/eepurl.com\/gXpxu5\">SUBSCRIPTION<\/a><\/h3>\n<p>[\/vc_column_text][vc_empty_space height=&#8221;20px&#8221;][\/vc_column_inner][vc_column_inner width=&#8221;1\/2&#8243; css=&#8221;.vc_custom_1576513299643{border-top-width: 0px !important;border-right-width: 0px !important;border-bottom-width: 0px !important;border-left-width: 0px !important;padding-right: 10% !important;padding-left: 10% !important;}&#8221;][vc_column_text]<\/p>\n<h2>+ 32 2 521 13 83<\/h2>\n<p><a href=\"mailto:info@erasmushouse.museum\">info@erasmushouse.museum<\/a>[\/vc_column_text][vc_empty_space height=&#8221;20px&#8221;][\/vc_column_inner][\/vc_row_inner][\/vc_column][\/vc_row]<\/p>\n<\/div>","protected":false},"excerpt":{"rendered":"<p> [&hellip;]<\/p>\n","protected":false},"author":1,"featured_media":0,"parent":7356,"menu_order":0,"comment_status":"closed","ping_status":"closed","template":"full-width.php","meta":{"_acf_changed":false,"footnotes":""},"class_list":["post-7405","page","type-page","status-publish","hentry"],"acf":[],"yoast_head":"<!-- This site is optimized with the Yoast SEO plugin v27.3 - https:\/\/yoast.com\/product\/yoast-seo-wordpress\/ -->\n<title>Latest Publications - Erasmus House<\/title>\n<meta name=\"robots\" content=\"index, follow, max-snippet:-1, max-image-preview:large, max-video-preview:-1\" \/>\n<link rel=\"canonical\" href=\"https:\/\/www.erasmushouse.museum\/en\/publications\/latest-publications\/\" \/>\n<meta property=\"og:locale\" content=\"en_US\" \/>\n<meta property=\"og:type\" content=\"article\" \/>\n<meta property=\"og:title\" content=\"Latest Publications - Erasmus House\" \/>\n<meta property=\"og:description\" content=\"[&hellip;]\" \/>\n<meta property=\"og:url\" content=\"https:\/\/www.erasmushouse.museum\/en\/publications\/latest-publications\/\" \/>\n<meta property=\"og:site_name\" content=\"Erasmus House\" \/>\n<meta property=\"article:modified_time\" content=\"2021-09-29T12:07:23+00:00\" \/>\n<meta name=\"twitter:card\" content=\"summary_large_image\" \/>\n<meta name=\"twitter:label1\" content=\"Est. reading time\" \/>\n\t<meta name=\"twitter:data1\" content=\"3 minutes\" \/>\n<script type=\"application\/ld+json\" class=\"yoast-schema-graph\">{\"@context\":\"https:\\\/\\\/schema.org\",\"@graph\":[{\"@type\":\"WebPage\",\"@id\":\"https:\\\/\\\/www.erasmushouse.museum\\\/en\\\/publications\\\/latest-publications\\\/\",\"url\":\"https:\\\/\\\/www.erasmushouse.museum\\\/en\\\/publications\\\/latest-publications\\\/\",\"name\":\"Latest Publications - Erasmus House\",\"isPartOf\":{\"@id\":\"https:\\\/\\\/erasmushouse.museum\\\/#website\"},\"datePublished\":\"2020-04-07T11:10:16+00:00\",\"dateModified\":\"2021-09-29T12:07:23+00:00\",\"breadcrumb\":{\"@id\":\"https:\\\/\\\/www.erasmushouse.museum\\\/en\\\/publications\\\/latest-publications\\\/#breadcrumb\"},\"inLanguage\":\"en-US\",\"potentialAction\":[{\"@type\":\"ReadAction\",\"target\":[\"https:\\\/\\\/www.erasmushouse.museum\\\/en\\\/publications\\\/latest-publications\\\/\"]}]},{\"@type\":\"BreadcrumbList\",\"@id\":\"https:\\\/\\\/www.erasmushouse.museum\\\/en\\\/publications\\\/latest-publications\\\/#breadcrumb\",\"itemListElement\":[{\"@type\":\"ListItem\",\"position\":1,\"name\":\"Home\",\"item\":\"https:\\\/\\\/www.erasmushouse.museum\\\/en\\\/\"},{\"@type\":\"ListItem\",\"position\":2,\"name\":\"Publications\",\"item\":\"https:\\\/\\\/www.erasmushouse.museum\\\/en\\\/publications\\\/\"},{\"@type\":\"ListItem\",\"position\":3,\"name\":\"Latest Publications\"}]},{\"@type\":\"WebSite\",\"@id\":\"https:\\\/\\\/erasmushouse.museum\\\/#website\",\"url\":\"https:\\\/\\\/erasmushouse.museum\\\/\",\"name\":\"Erasmus House\",\"description\":\"Visitez une des plus anciennes maisons gothiques de Bruxelles\",\"potentialAction\":[{\"@type\":\"SearchAction\",\"target\":{\"@type\":\"EntryPoint\",\"urlTemplate\":\"https:\\\/\\\/erasmushouse.museum\\\/?s={search_term_string}\"},\"query-input\":{\"@type\":\"PropertyValueSpecification\",\"valueRequired\":true,\"valueName\":\"search_term_string\"}}],\"inLanguage\":\"en-US\"}]}<\/script>\n<!-- \/ Yoast SEO plugin. -->","yoast_head_json":{"title":"Latest Publications - Erasmus House","robots":{"index":"index","follow":"follow","max-snippet":"max-snippet:-1","max-image-preview":"max-image-preview:large","max-video-preview":"max-video-preview:-1"},"canonical":"https:\/\/www.erasmushouse.museum\/en\/publications\/latest-publications\/","og_locale":"en_US","og_type":"article","og_title":"Latest Publications - Erasmus House","og_description":"[&hellip;]","og_url":"https:\/\/www.erasmushouse.museum\/en\/publications\/latest-publications\/","og_site_name":"Erasmus House","article_modified_time":"2021-09-29T12:07:23+00:00","twitter_card":"summary_large_image","twitter_misc":{"Est. reading time":"3 minutes"},"schema":{"@context":"https:\/\/schema.org","@graph":[{"@type":"WebPage","@id":"https:\/\/www.erasmushouse.museum\/en\/publications\/latest-publications\/","url":"https:\/\/www.erasmushouse.museum\/en\/publications\/latest-publications\/","name":"Latest Publications - Erasmus House","isPartOf":{"@id":"https:\/\/erasmushouse.museum\/#website"},"datePublished":"2020-04-07T11:10:16+00:00","dateModified":"2021-09-29T12:07:23+00:00","breadcrumb":{"@id":"https:\/\/www.erasmushouse.museum\/en\/publications\/latest-publications\/#breadcrumb"},"inLanguage":"en-US","potentialAction":[{"@type":"ReadAction","target":["https:\/\/www.erasmushouse.museum\/en\/publications\/latest-publications\/"]}]},{"@type":"BreadcrumbList","@id":"https:\/\/www.erasmushouse.museum\/en\/publications\/latest-publications\/#breadcrumb","itemListElement":[{"@type":"ListItem","position":1,"name":"Home","item":"https:\/\/www.erasmushouse.museum\/en\/"},{"@type":"ListItem","position":2,"name":"Publications","item":"https:\/\/www.erasmushouse.museum\/en\/publications\/"},{"@type":"ListItem","position":3,"name":"Latest Publications"}]},{"@type":"WebSite","@id":"https:\/\/erasmushouse.museum\/#website","url":"https:\/\/erasmushouse.museum\/","name":"Erasmus House","description":"Visitez une des plus anciennes maisons gothiques de Bruxelles","potentialAction":[{"@type":"SearchAction","target":{"@type":"EntryPoint","urlTemplate":"https:\/\/erasmushouse.museum\/?s={search_term_string}"},"query-input":{"@type":"PropertyValueSpecification","valueRequired":true,"valueName":"search_term_string"}}],"inLanguage":"en-US"}]}},"_links":{"self":[{"href":"https:\/\/www.erasmushouse.museum\/en\/wp-json\/wp\/v2\/pages\/7405","targetHints":{"allow":["GET"]}}],"collection":[{"href":"https:\/\/www.erasmushouse.museum\/en\/wp-json\/wp\/v2\/pages"}],"about":[{"href":"https:\/\/www.erasmushouse.museum\/en\/wp-json\/wp\/v2\/types\/page"}],"author":[{"embeddable":true,"href":"https:\/\/www.erasmushouse.museum\/en\/wp-json\/wp\/v2\/users\/1"}],"replies":[{"embeddable":true,"href":"https:\/\/www.erasmushouse.museum\/en\/wp-json\/wp\/v2\/comments?post=7405"}],"version-history":[{"count":5,"href":"https:\/\/www.erasmushouse.museum\/en\/wp-json\/wp\/v2\/pages\/7405\/revisions"}],"predecessor-version":[{"id":13432,"href":"https:\/\/www.erasmushouse.museum\/en\/wp-json\/wp\/v2\/pages\/7405\/revisions\/13432"}],"up":[{"embeddable":true,"href":"https:\/\/www.erasmushouse.museum\/en\/wp-json\/wp\/v2\/pages\/7356"}],"wp:attachment":[{"href":"https:\/\/www.erasmushouse.museum\/en\/wp-json\/wp\/v2\/media?parent=7405"}],"curies":[{"name":"wp","href":"https:\/\/api.w.org\/{rel}","templated":true}]}}